{"id":36338,"date":"2020-10-12T11:17:53","date_gmt":"2020-10-12T09:17:53","guid":{"rendered":"https:\/\/www.beadiniapartmani.ba\/apartamentet-e-beadit\/"},"modified":"2025-08-29T12:46:20","modified_gmt":"2025-08-29T10:46:20","slug":"apartamentet-e-beadit","status":"publish","type":"page","link":"https:\/\/www.beadiniapartmani.ba\/sq\/","title":{"rendered":"Apartamentet Beadini"},"content":{"rendered":"<p>[et_pb_section fb_built=&#8221;1&#8243; _builder_version=&#8221;4.24.0&#8243; _module_preset=&#8221;default&#8221; background_color=&#8221;rgba(224,233,238,0.24)&#8221; custom_padding=&#8221;0px||0px|||&#8221; global_colors_info=&#8221;{}&#8221;][et_pb_row _builder_version=&#8221;4.23.1&#8243; _module_preset=&#8221;default&#8221; width=&#8221;100%&#8221; max_width=&#8221;100%&#8221; custom_padding=&#8221;0px||5px|||&#8221; global_colors_info=&#8221;{}&#8221;][et_pb_column type=&#8221;4_4&#8243; _builder_version=&#8221;4.23.1&#8243; _module_preset=&#8221;default&#8221; global_colors_info=&#8221;{}&#8221;][et_pb_slider use_bg_overlay=&#8221;off&#8221; use_text_overlay=&#8221;off&#8221; arrows_custom_color=&#8221;#000000&#8243; _builder_version=&#8221;4.27.4&#8243; _module_preset=&#8221;default&#8221; header_font=&#8221;|700|||||||&#8221; header_text_align=&#8221;center&#8221; body_font=&#8221;|700|||||||&#8221; body_text_align=&#8221;center&#8221; body_text_color=&#8221;#000000&#8243; background_enable_image=&#8221;off&#8221; button_alignment=&#8221;center&#8221; animation_style=&#8221;slide&#8221; auto=&#8221;on&#8221; auto_speed=&#8221;4000&#8243; global_colors_info=&#8221;{}&#8221; button_bg_color__hover_enabled=&#8221;on|hover&#8221; button_bg_color__hover=&#8221;#b45a61&#8243; button_bg_enable_color__hover=&#8221;on&#8221;][et_pb_slide heading=&#8221;Apartamentet Beadini&#8221; button_text=&#8221;Na kontaktoni&#8221; button_link=&#8221;@ET-DC@eyJkeW5hbWljIjp0cnVlLCJjb250ZW50IjoicG9zdF9saW5rX3VybF9wYWdlIiwic2V0dGluZ3MiOnsicG9zdF9pZCI6IjI5MTk3In19@&#8221; arrows_custom_color=&#8221;#FFFFFF&#8221; _builder_version=&#8221;4.27.4&#8243; _dynamic_attributes=&#8221;button_link&#8221; _module_preset=&#8221;default&#8221; header_level=&#8221;h3&#8243; header_font=&#8221;||||||||&#8221; header_text_color=&#8221;#FFFFFF&#8221; header_font_size=&#8221;33px&#8221; body_font=&#8221;||||||||&#8221; body_text_color=&#8221;#FFFFFF&#8221; body_font_size=&#8221;22px&#8221; background_color=&#8221;RGBA(255,255,255,0)&#8221; background_enable_color=&#8221;on&#8221; background_image=&#8221;https:\/\/www.beadiniapartmani.ba\/wp-content\/uploads\/2025\/02\/Albanija-3.jpg&#8221; background_enable_image=&#8221;on&#8221; header_font_tablet=&#8221;||||||||&#8221; header_font_phone=&#8221;|600|||||||&#8221; header_font_last_edited=&#8221;on|phone&#8221; header_font_size_tablet=&#8221;&#8221; header_font_size_phone=&#8221;25px&#8221; header_font_size_last_edited=&#8221;on|phone&#8221; body_text_color_tablet=&#8221;#0C71C3&#8243; body_text_color_phone=&#8221;#FFFFFF&#8221; body_text_color_last_edited=&#8221;off|desktop&#8221; button_text_size_tablet=&#8221;18px&#8221; button_text_size_phone=&#8221;17px&#8221; button_text_size_last_edited=&#8221;on|desktop&#8221; global_colors_info=&#8221;{}&#8221; button_text__hover_enabled=&#8221;on|desktop&#8221; button_text__hover=&#8221;Kontaktirajte nas&#8221; sticky_transition=&#8221;on&#8221;]<\/p>\n<p>Filloni udh\u00ebtimin tuaj t\u00eb \u00ebndrrave k\u00ebtu! \ud83c\udf05 \ud83d\ude80 <\/p>\n<p>[\/et_pb_slide][et_pb_slide heading=&#8221;Apartamentet Beadini&#8221; button_text=&#8221;Na kontaktoni&#8221; button_link=&#8221;@ET-DC@eyJkeW5hbWljIjp0cnVlLCJjb250ZW50IjoicG9zdF9saW5rX3VybF9wYWdlIiwic2V0dGluZ3MiOnsicG9zdF9pZCI6IjI5MTk3In19@&#8221; arrows_custom_color=&#8221;#FFFFFF&#8221; _builder_version=&#8221;4.27.4&#8243; _dynamic_attributes=&#8221;button_link&#8221; _module_preset=&#8221;default&#8221; header_level=&#8221;h3&#8243; header_font=&#8221;||||||||&#8221; header_text_color=&#8221;#FFFFFF&#8221; header_font_size=&#8221;33px&#8221; body_font=&#8221;||||||||&#8221; body_text_color=&#8221;#FFFFFF&#8221; body_font_size=&#8221;22px&#8221; background_color=&#8221;RGBA(255,255,255,0)&#8221; background_enable_color=&#8221;on&#8221; background_image=&#8221;https:\/\/www.beadiniapartmani.ba\/wp-content\/uploads\/2025\/02\/Ulicinj-Crna-Gora-Beadini-apartmani.png&#8221; background_enable_image=&#8221;on&#8221; header_font_tablet=&#8221;||||||||&#8221; header_font_phone=&#8221;|600|||||||&#8221; header_font_last_edited=&#8221;on|phone&#8221; header_font_size_tablet=&#8221;&#8221; header_font_size_phone=&#8221;25px&#8221; header_font_size_last_edited=&#8221;on|phone&#8221; body_text_color_tablet=&#8221;#0C71C3&#8243; body_text_color_phone=&#8221;#FFFFFF&#8221; body_text_color_last_edited=&#8221;off|desktop&#8221; button_text_size_tablet=&#8221;18px&#8221; button_text_size_phone=&#8221;17px&#8221; button_text_size_last_edited=&#8221;on|desktop&#8221; global_colors_info=&#8221;{}&#8221; button_text__hover_enabled=&#8221;on|desktop&#8221; button_text__hover=&#8221;Kontaktirajte nas&#8221; sticky_transition=&#8221;on&#8221;]<\/p>\n<p>Shijoni bukurit\u00eb e Adriatikut! \ud83c\udf0a \ud83c\udfdd\ufe0f<\/p>\n<p>[\/et_pb_slide][et_pb_slide heading=&#8221;Apartamentet Beadini&#8221; button_text=&#8221;Na kontaktoni&#8221; button_link=&#8221;@ET-DC@eyJkeW5hbWljIjp0cnVlLCJjb250ZW50IjoicG9zdF9saW5rX3VybF9wYWdlIiwic2V0dGluZ3MiOnsicG9zdF9pZCI6IjI5MTk3In19@&#8221; arrows_custom_color=&#8221;#FFFFFF&#8221; _builder_version=&#8221;4.27.4&#8243; _dynamic_attributes=&#8221;button_link&#8221; _module_preset=&#8221;default&#8221; header_level=&#8221;h3&#8243; header_font=&#8221;||||||||&#8221; header_text_color=&#8221;#FFFFFF&#8221; header_font_size=&#8221;33px&#8221; body_font=&#8221;||||||||&#8221; body_text_color=&#8221;#FFFFFF&#8221; body_font_size=&#8221;22px&#8221; background_color=&#8221;RGBA(255,255,255,0)&#8221; background_enable_color=&#8221;on&#8221; background_image=&#8221;https:\/\/www.beadiniapartmani.ba\/wp-content\/uploads\/2025\/04\/Vasa-avantura-ceka-na-vas.jpg&#8221; background_enable_image=&#8221;on&#8221; header_font_tablet=&#8221;||||||||&#8221; header_font_phone=&#8221;|600|||||||&#8221; header_font_last_edited=&#8221;on|phone&#8221; header_font_size_tablet=&#8221;&#8221; header_font_size_phone=&#8221;25px&#8221; header_font_size_last_edited=&#8221;on|phone&#8221; body_text_color_tablet=&#8221;#0C71C3&#8243; body_text_color_phone=&#8221;#FFFFFF&#8221; body_text_color_last_edited=&#8221;off|desktop&#8221; button_text_size_tablet=&#8221;18px&#8221; button_text_size_phone=&#8221;17px&#8221; button_text_size_last_edited=&#8221;on|desktop&#8221; global_colors_info=&#8221;{}&#8221; button_text__hover_enabled=&#8221;on|desktop&#8221; button_text__hover=&#8221;Kontaktirajte nas&#8221; sticky_transition=&#8221;on&#8221;]<\/p>\n<p>Aventura juaj perfekte ju pret! \ud83c\udf0a \ud83c\udf08 <\/p>\n<p>[\/et_pb_slide][\/et_pb_slider][\/et_pb_column][\/et_pb_row][\/et_pb_section][et_pb_section fb_built=&#8221;1&#8243; _builder_version=&#8221;4.24.3&#8243; background_color=&#8221;rgba(224,233,238,0.24)&#8221; custom_padding=&#8221;2px||4px|||&#8221; global_colors_info=&#8221;{}&#8221;][et_pb_row _builder_version=&#8221;4.24.3&#8243; _module_preset=&#8221;default&#8221; max_width=&#8221;1274px&#8221; global_colors_info=&#8221;{}&#8221;][et_pb_column type=&#8221;4_4&#8243; _builder_version=&#8221;4.24.3&#8243; _module_preset=&#8221;default&#8221; global_colors_info=&#8221;{}&#8221;][et_pb_text _builder_version=&#8221;4.27.4&#8243; text_text_color=&#8221;#000000&#8243; header_text_color=&#8221;#000000&#8243; header_font_size=&#8221;24px&#8221; header_2_text_color=&#8221;#000000&#8243; header_2_font_size=&#8221;28px&#8221; header_3_font=&#8221;Montserrat||||||||&#8221; header_3_text_color=&#8221;#FFFFFF&#8221; header_3_font_size=&#8221;34px&#8221; header_4_text_color=&#8221;#FFFFFF&#8221; header_font_size_tablet=&#8221;24px&#8221; header_font_size_phone=&#8221;24px&#8221; header_font_size_last_edited=&#8221;on|phone&#8221; header_3_font_size_tablet=&#8221;28px&#8221; header_3_font_size_phone=&#8221;22px&#8221; header_3_font_size_last_edited=&#8221;on|phone&#8221; locked=&#8221;off&#8221; global_colors_info=&#8221;{}&#8221;]<\/p>\n<h1 style=\"text-align: center;\">Pajisjet e ve\u00e7uara t\u00eb <span>apartamenteve Beadini<\/span><\/h1>\n<p>[\/et_pb_text][\/et_pb_column][\/et_pb_row][et_pb_row column_structure=&#8221;1_3,1_3,1_3&#8243; _builder_version=&#8221;4.27.4&#8243; _module_preset=&#8221;default&#8221; background_color=&#8221;RGBA(255,255,255,0)&#8221; max_width=&#8221;1230px&#8221; custom_margin=&#8221;-29px|auto|14px|auto||&#8221; custom_padding=&#8221;23px|||||&#8221; saved_tabs=&#8221;all&#8221; locked=&#8221;off&#8221; global_colors_info=&#8221;{}&#8221;][et_pb_column type=&#8221;1_3&#8243; _builder_version=&#8221;4.16&#8243; _module_preset=&#8221;default&#8221; global_colors_info=&#8221;{}&#8221;][et_pb_blurb title=&#8221;Komoditet dhe relaks n\u00eb apartamente t\u00eb pajisura moderne dhe komode \ud83c\udfe1 \u2728&#8221; image=&#8221;https:\/\/www.beadiniapartmani.ba\/wp-content\/uploads\/2025\/04\/Udobnost-i-relaksacija-u-moderno-opremljenim-i-udobnim-apartmanima-1.png&#8221; _builder_version=&#8221;4.27.4&#8243; _dynamic_attributes=&#8221;link_option_url&#8221; _module_preset=&#8221;default&#8221; header_text_align=&#8221;center&#8221; header_text_color=&#8221;#000000&#8243; link_option_url=&#8221;@ET-DC@eyJkeW5hbWljIjp0cnVlLCJjb250ZW50IjoicG9zdF9saW5rX3VybF9wYWdlIiwic2V0dGluZ3MiOnsicG9zdF9pZCI6IjMzOTI4In19@&#8221; body_font_size_tablet=&#8221;&#8221; body_font_size_phone=&#8221;15px&#8221; body_font_size_last_edited=&#8221;on|phone&#8221; locked=&#8221;off&#8221; global_colors_info=&#8221;{}&#8221;]<\/p>\n<p>Apartamentet Beadini ju ofrojn\u00eb kombinimin perfekt t\u00eb rehatis\u00eb dhe mjedisit natyror! Apartamentet tona moderne n\u00eb Durr\u00ebs dhe Ulqin ju lejojn\u00eb t\u00eb keni nj\u00eb pushim t\u00eb plot\u00eb me komoditete t\u00eb nivelit t\u00eb lart\u00eb, WiFi falas, TV Smart me Netflix dhe tarraca t\u00eb bollshme me pamje nga deti. Pavar\u00ebsisht n\u00ebse jeni duke udh\u00ebtuar me familjen, miqt\u00eb apo partnerin, do t\u00eb gjeni akomodimin ideal p\u00ebr relaksim dhe p\u00ebr t\u00eb shijuar bukurit\u00eb e Adriatikut.  <\/p>\n<p>[\/et_pb_blurb][\/et_pb_column][et_pb_column type=&#8221;1_3&#8243; _builder_version=&#8221;4.16&#8243; _module_preset=&#8221;default&#8221; global_colors_info=&#8221;{}&#8221;][et_pb_blurb title=&#8221;Aktivitete t\u00eb ndryshme n\u00eb bregdet dhe n\u00eb det \ud83c\udf0a \ud83d\udea4&#8221; image=&#8221;https:\/\/www.beadiniapartmani.ba\/wp-content\/uploads\/2025\/04\/Raznovrsne-aktivnosti-na-obali-i-moru.png&#8221; _builder_version=&#8221;4.27.4&#8243; _dynamic_attributes=&#8221;link_option_url&#8221; _module_preset=&#8221;default&#8221; header_text_align=&#8221;center&#8221; header_text_color=&#8221;#000000&#8243; link_option_url=&#8221;@ET-DC@eyJkeW5hbWljIjp0cnVlLCJjb250ZW50IjoicG9zdF9saW5rX3VybF9wYWdlIiwic2V0dGluZ3MiOnsicG9zdF9pZCI6IjMwMDAyIn19@&#8221; body_font_size_tablet=&#8221;&#8221; body_font_size_phone=&#8221;15px&#8221; body_font_size_last_edited=&#8221;on|phone&#8221; global_colors_info=&#8221;{}&#8221;]<\/p>\n<p>P\u00ebrjetoni momente t\u00eb paharrueshme me aktivitete t\u00eb ndryshme n\u00eb brigjet e bukura t\u00eb Durr\u00ebsit dhe Ulqinit! Shijoni sh\u00ebtitjet e gjata buz\u00eb detit, eksplorimin e atraksioneve kulturore ose relaksimin n\u00eb plazhet me diell. K\u00ebnaquni n\u00eb hijeshit\u00eb e detit t\u00eb past\u00ebr kristal \u2013 shijoni nj\u00eb not freskues, zhytjeje ose loj\u00ebra n\u00eb cek\u00ebta. P\u00ebr adhuruesit e aventurave n\u00eb uj\u00eb, ka edhe xhiro emocionuese me ski jet.   <\/p>\n<p>[\/et_pb_blurb][\/et_pb_column][et_pb_column type=&#8221;1_3&#8243; _builder_version=&#8221;4.16&#8243; _module_preset=&#8221;default&#8221; global_colors_info=&#8221;{}&#8221;][et_pb_blurb title=&#8221;K\u00ebnaq\u00ebsi falas n\u00eb pishin\u00ebn publike \ud83c\udfca\u200d\u2642\ufe0f \ud83c\udf1e&#8221; image=&#8221;https:\/\/www.beadiniapartmani.ba\/wp-content\/uploads\/2025\/04\/Besplatno-uzivanje-na-javnom-bazenu.png&#8221; alt=&#8221;P\u00ebrdorimi falas i pishin\u00ebs publike&#8221; _builder_version=&#8221;4.27.4&#8243; _dynamic_attributes=&#8221;link_option_url&#8221; _module_preset=&#8221;default&#8221; header_text_color=&#8221;#000000&#8243; body_text_align=&#8221;left&#8221; text_orientation=&#8221;center&#8221; link_option_url=&#8221;@ET-DC@eyJkeW5hbWljIjp0cnVlLCJjb250ZW50IjoicG9zdF9saW5rX3VybF9wYWdlIiwic2V0dGluZ3MiOnsicG9zdF9pZCI6IjMzOTUwIn19@&#8221; body_font_size_tablet=&#8221;&#8221; body_font_size_phone=&#8221;15px&#8221; body_font_size_last_edited=&#8221;on|phone&#8221; locked=&#8221;off&#8221; global_colors_info=&#8221;{}&#8221;]<\/p>\n<p data-start=\"557\" data-end=\"874\">Relaksohuni dhe freskohuni me p\u00ebrdorimin falas t\u00eb pishin\u00ebs publike! Vendi i p\u00ebrsosur p\u00ebr t&#8217;i shp\u00ebtuar vap\u00ebs, ku mund t\u00eb shijoni notin, banjat e diellit dhe t\u00eb kaloni koh\u00eb me familjen dhe miqt\u00eb. N\u00ebse d\u00ebshironi t\u00eb notoni n\u00eb m\u00ebnyr\u00eb rekreative, t\u00eb arg\u00ebtoheni n\u00eb uj\u00eb, apo thjesht t\u00eb relaksoheni pran\u00eb pishin\u00ebs, kjo \u00ebsht\u00eb mund\u00ebsia ideale p\u00ebr t&#8217;u \u00e7lodhur dhe p\u00ebr t\u00eb shijuar ujin &#8211; plot\u00ebsisht pa pages\u00eb! \ud83d\ude0a \ud83c\udf0a   <\/p>\n<p>[\/et_pb_blurb][\/et_pb_column][\/et_pb_row][\/et_pb_section][et_pb_section fb_built=&#8221;1&#8243; _builder_version=&#8221;4.27.4&#8243; _module_preset=&#8221;default&#8221; background_color=&#8221;#2f99ce&#8221; background_image=&#8221;https:\/\/www.beadiniapartmani.ba\/wp-content\/uploads\/2025\/02\/more.png&#8221; custom_margin=&#8221;||||false|false&#8221; custom_padding=&#8221;13px||13px||false|false&#8221; saved_tabs=&#8221;all&#8221; global_colors_info=&#8221;{}&#8221;][et_pb_row _builder_version=&#8221;4.27.4&#8243; _module_preset=&#8221;default&#8221; width=&#8221;100%&#8221; max_width=&#8221;1230px&#8221; global_colors_info=&#8221;{}&#8221;][et_pb_column type=&#8221;4_4&#8243; _builder_version=&#8221;4.22.2&#8243; _module_preset=&#8221;default&#8221; global_colors_info=&#8221;{}&#8221;][et_pb_cta title=&#8221;  \ud83c\udf0a Zbuloni Ulqinin \u2013 Xhevahirin e Bregdetit Malazez \ud83c\udfdd\ufe0f&#8221; button_url=&#8221;@ET-DC@eyJkeW5hbWljIjp0cnVlLCJjb250ZW50IjoicG9zdF9saW5rX3VybF9wYWdlIiwic2V0dGluZ3MiOnsicG9zdF9pZCI6IjM1MjQxIn19@&#8221; button_text=&#8221;Zbuloni Ulqinin&#8221; _builder_version=&#8221;4.27.4&#8243; _dynamic_attributes=&#8221;button_url&#8221; _module_preset=&#8221;default&#8221; header_text_color=&#8221;#FFFFFF&#8221; header_font_size=&#8221;24px&#8221; body_text_align=&#8221;center&#8221; body_text_color=&#8221;#FFFFFF&#8221; background_color=&#8221;RGBA(255,255,255,0)&#8221; background_layout=&#8221;light&#8221; width=&#8221;100%&#8221; header_font_size_tablet=&#8221;&#8221; header_font_size_phone=&#8221;21px&#8221; header_font_size_last_edited=&#8221;on|phone&#8221; body_font_size_tablet=&#8221;&#8221; body_font_size_phone=&#8221;15px&#8221; body_font_size_last_edited=&#8221;on|phone&#8221; text_orientation_tablet=&#8221;center&#8221; text_orientation_phone=&#8221;center&#8221; text_orientation_last_edited=&#8221;on|phone&#8221; global_colors_info=&#8221;{}&#8221; button_bg_color__hover_enabled=&#8221;on|hover&#8221; button_bg_color__hover=&#8221;&#8221; button_bg_enable_color__hover=&#8221;off&#8221; button_text_color__hover_enabled=&#8221;on|hover&#8221; button_text_color__hover=&#8221;#000000&#8243; button_border_color__hover_enabled=&#8221;on|hover&#8221; button_border_color__hover=&#8221;rgba(0,0,0,0.36)&#8221;][\/et_pb_cta][\/et_pb_column][\/et_pb_row][\/et_pb_section][et_pb_section fb_built=&#8221;1&#8243; _builder_version=&#8221;4.24.2&#8243; _module_preset=&#8221;default&#8221; background_color=&#8221;#f5f5f5&#8243; custom_padding=&#8221;17px||0px|||&#8221; global_colors_info=&#8221;{}&#8221;][et_pb_row _builder_version=&#8221;4.24.2&#8243; _module_preset=&#8221;default&#8221; custom_padding=&#8221;||2px|||&#8221; global_colors_info=&#8221;{}&#8221;][et_pb_column type=&#8221;4_4&#8243; _builder_version=&#8221;4.24.2&#8243; _module_preset=&#8221;default&#8221; global_colors_info=&#8221;{}&#8221;][et_pb_text _builder_version=&#8221;4.27.4&#8243; text_text_color=&#8221;#000000&#8243; header_text_color=&#8221;#000000&#8243; header_2_text_color=&#8221;#000000&#8243; header_2_font_size=&#8221;28px&#8221; header_3_font=&#8221;Montserrat||||||||&#8221; header_3_text_color=&#8221;#FFFFFF&#8221; header_3_font_size=&#8221;34px&#8221; header_4_text_color=&#8221;#FFFFFF&#8221; link_option_url=&#8221;https:\/\/www.beadiniapartmani.ba\/proizvodnja-usluge-masinska-obrada-metala\/&#8221; header_font_size_tablet=&#8221;26px&#8221; header_font_size_phone=&#8221;26px&#8221; header_font_size_last_edited=&#8221;on|phone&#8221; header_3_font_size_tablet=&#8221;28px&#8221; header_3_font_size_phone=&#8221;22px&#8221; header_3_font_size_last_edited=&#8221;on|phone&#8221; locked=&#8221;off&#8221; global_colors_info=&#8221;{}&#8221;]<\/p>\n<h2 style=\"text-align: center;\">Sh\u00ebrbimet<\/h2>\n<p>[\/et_pb_text][\/et_pb_column][\/et_pb_row][\/et_pb_section][et_pb_section fb_built=&#8221;1&#8243; _builder_version=&#8221;4.24.2&#8243; _module_preset=&#8221;default&#8221; background_color=&#8221;#f5f5f5&#8243; custom_margin=&#8221;||||false|false&#8221; custom_margin_tablet=&#8221;-30px||||false|false&#8221; custom_margin_phone=&#8221;-30px||||false|false&#8221; custom_margin_last_edited=&#8221;on|phone&#8221; custom_padding=&#8221;9px||5px|||&#8221; saved_tabs=&#8221;all&#8221; global_colors_info=&#8221;{}&#8221;][et_pb_row column_structure=&#8221;1_3,1_3,1_3&#8243; use_custom_gutter=&#8221;on&#8221; gutter_width=&#8221;2&#8243; _builder_version=&#8221;4.24.2&#8243; _module_preset=&#8221;default&#8221; max_width=&#8221;1440px&#8221; global_colors_info=&#8221;{}&#8221;][et_pb_column type=&#8221;1_3&#8243; _builder_version=&#8221;4.21.0&#8243; _module_preset=&#8221;default&#8221; global_colors_info=&#8221;{}&#8221;][et_pb_blurb title=&#8221;Jepet me qera apartament ne shqiperi&#8221; image=&#8221;https:\/\/www.beadiniapartmani.ba\/wp-content\/uploads\/2025\/04\/Iznajmljivanje-apartmana-u-Albaniji.png&#8221; alt=&#8221;ARH ROYAL SREBRENICA Paragliding &#8211; parashutiz\u00ebm&#8221; _builder_version=&#8221;4.27.4&#8243; _dynamic_attributes=&#8221;link_option_url&#8221; _module_preset=&#8221;default&#8221; header_text_align=&#8221;center&#8221; header_font_size=&#8221;20px&#8221; link_option_url=&#8221;@ET-DC@eyJkeW5hbWljIjp0cnVlLCJjb250ZW50IjoicG9zdF9saW5rX3VybF9wYWdlIiwic2V0dGluZ3MiOnsicG9zdF9pZCI6IjM1Nzg0In19@&#8221; global_colors_info=&#8221;{}&#8221;][\/et_pb_blurb][\/et_pb_column][et_pb_column type=&#8221;1_3&#8243; _builder_version=&#8221;4.21.0&#8243; _module_preset=&#8221;default&#8221; global_colors_info=&#8221;{}&#8221;][et_pb_blurb title=&#8221;Jepet me qera nje apartament ne Mal te Zi  &#8221; image=&#8221;https:\/\/www.beadiniapartmani.ba\/wp-content\/uploads\/2025\/02\/Iznajmljivanje-apartmana-u-Crnoj-Gori-u-Ulcinju.png&#8221; _builder_version=&#8221;4.27.4&#8243; _dynamic_attributes=&#8221;link_option_url&#8221; _module_preset=&#8221;default&#8221; header_text_align=&#8221;center&#8221; header_font_size=&#8221;20px&#8221; background_color=&#8221;rgba(232,232,232,0.21)&#8221; link_option_url=&#8221;@ET-DC@eyJkeW5hbWljIjp0cnVlLCJjb250ZW50IjoicG9zdF9saW5rX3VybF9wYWdlIiwic2V0dGluZ3MiOnsicG9zdF9pZCI6IjM1Nzg2In19@&#8221; global_colors_info=&#8221;{}&#8221;][\/et_pb_blurb][\/et_pb_column][et_pb_column type=&#8221;1_3&#8243; _builder_version=&#8221;4.21.0&#8243; _module_preset=&#8221;default&#8221; global_colors_info=&#8221;{}&#8221;][et_pb_blurb title=&#8221;Jet Ski me qira  &#8221; image=&#8221;https:\/\/www.beadiniapartmani.ba\/wp-content\/uploads\/2025\/02\/Iznajmljivanje-Jetski-vozila-Beadini-apartmani.png&#8221; alt=&#8221;ARH ROYAL hiking&#8221; _builder_version=&#8221;4.27.4&#8243; _dynamic_attributes=&#8221;link_option_url&#8221; _module_preset=&#8221;default&#8221; header_text_align=&#8221;center&#8221; header_font_size=&#8221;20px&#8221; background_color=&#8221;rgba(232,232,232,0.21)&#8221; link_option_url=&#8221;@ET-DC@eyJkeW5hbWljIjp0cnVlLCJjb250ZW50IjoicG9zdF9saW5rX3VybF9wYWdlIiwic2V0dGluZ3MiOnsicG9zdF9pZCI6IjM1NzkyIn19@&#8221; global_colors_info=&#8221;{}&#8221;][\/et_pb_blurb][\/et_pb_column][\/et_pb_row][\/et_pb_section][et_pb_section fb_built=&#8221;1&#8243; _builder_version=&#8221;4.27.4&#8243; _module_preset=&#8221;default&#8221; background_color=&#8221;#2f99ce&#8221; background_image=&#8221;https:\/\/www.beadiniapartmani.ba\/wp-content\/uploads\/2025\/02\/more.png&#8221; custom_margin=&#8221;||||false|false&#8221; custom_padding=&#8221;13px||13px||false|false&#8221; saved_tabs=&#8221;all&#8221; global_colors_info=&#8221;{}&#8221;][et_pb_row _builder_version=&#8221;4.24.3&#8243; _module_preset=&#8221;default&#8221; width=&#8221;100%&#8221; max_width=&#8221;1230px&#8221; global_colors_info=&#8221;{}&#8221;][et_pb_column type=&#8221;4_4&#8243; _builder_version=&#8221;4.22.2&#8243; _module_preset=&#8221;default&#8221; global_colors_info=&#8221;{}&#8221;][et_pb_cta title=&#8221;\ud83c\udf0a Zbuloni Durr\u00ebsin \u2013 Perla e Adriatikut n\u00eb Shqip\u00ebri \ud83c\udfdd\ufe0f&#8221; button_url=&#8221;@ET-DC@eyJkeW5hbWljIjp0cnVlLCJjb250ZW50IjoicG9zdF9saW5rX3VybF9wYWdlIiwic2V0dGluZ3MiOnsicG9zdF9pZCI6IjM1OTc5In19@&#8221; button_text=&#8221;Zbuloni Durr\u00ebsin&#8221; _builder_version=&#8221;4.27.4&#8243; _dynamic_attributes=&#8221;button_url&#8221; _module_preset=&#8221;default&#8221; header_text_color=&#8221;#FFFFFF&#8221; header_font_size=&#8221;24px&#8221; body_text_align=&#8221;center&#8221; body_text_color=&#8221;#FFFFFF&#8221; background_color=&#8221;RGBA(255,255,255,0)&#8221; background_layout=&#8221;light&#8221; width=&#8221;100%&#8221; header_font_size_tablet=&#8221;&#8221; header_font_size_phone=&#8221;21px&#8221; header_font_size_last_edited=&#8221;on|phone&#8221; body_font_size_tablet=&#8221;&#8221; body_font_size_phone=&#8221;15px&#8221; body_font_size_last_edited=&#8221;on|phone&#8221; text_orientation_tablet=&#8221;center&#8221; text_orientation_phone=&#8221;center&#8221; text_orientation_last_edited=&#8221;on|phone&#8221; global_colors_info=&#8221;{}&#8221; button_bg_color__hover_enabled=&#8221;on|hover&#8221; button_bg_color__hover=&#8221;&#8221; button_bg_enable_color__hover=&#8221;off&#8221; button_text_color__hover_enabled=&#8221;on|hover&#8221; button_text_color__hover=&#8221;#000000&#8243; button_border_color__hover_enabled=&#8221;on|hover&#8221; button_border_color__hover=&#8221;rgba(0,0,0,0.36)&#8221;][\/et_pb_cta][\/et_pb_column][\/et_pb_row][\/et_pb_section][et_pb_section fb_built=&#8221;1&#8243; fullwidth=&#8221;on&#8221; _builder_version=&#8221;4.19.0&#8243; _module_preset=&#8221;default&#8221; global_colors_info=&#8221;{}&#8221;][et_pb_fullwidth_image title_text=&#8221;Uj\u00ebsjell\u00ebsi P\u00ebrnjavor&#8221; _builder_version=&#8221;4.16&#8243; _module_preset=&#8221;default&#8221; custom_margin=&#8221;||-4px|||&#8221; global_colors_info=&#8221;{}&#8221;][\/et_pb_fullwidth_image][\/et_pb_section][et_pb_section fb_built=&#8221;1&#8243; fullwidth=&#8221;on&#8221; _builder_version=&#8221;4.16&#8243; _module_preset=&#8221;default&#8221; global_colors_info=&#8221;{}&#8221;][et_pb_fullwidth_image title_text=&#8221;Uj\u00ebsjell\u00ebsi P\u00ebrnjavor&#8221; _builder_version=&#8221;4.16&#8243; _module_preset=&#8221;default&#8221; global_colors_info=&#8221;{}&#8221;][\/et_pb_fullwidth_image][\/et_pb_section][et_pb_section fb_built=&#8221;1&#8243; fullwidth=&#8221;on&#8221; _builder_version=&#8221;4.19.0&#8243; _module_preset=&#8221;default&#8221; global_colors_info=&#8221;{}&#8221;][et_pb_fullwidth_image title_text=&#8221;Uj\u00ebsjell\u00ebsi P\u00ebrnjavor&#8221; _builder_version=&#8221;4.16&#8243; _module_preset=&#8221;default&#8221; custom_margin=&#8221;||-4px|||&#8221; global_colors_info=&#8221;{}&#8221;][\/et_pb_fullwidth_image][\/et_pb_section][et_pb_section fb_built=&#8221;1&#8243; fullwidth=&#8221;on&#8221; _builder_version=&#8221;4.16&#8243; _module_preset=&#8221;default&#8221; global_colors_info=&#8221;{}&#8221;][et_pb_fullwidth_image title_text=&#8221;Uj\u00ebsjell\u00ebsi P\u00ebrnjavor&#8221; _builder_version=&#8221;4.16&#8243; _module_preset=&#8221;default&#8221; global_colors_info=&#8221;{}&#8221;][\/et_pb_fullwidth_image][\/et_pb_section]<\/p>\n","protected":false},"excerpt":{"rendered":"<p>Filloni udh\u00ebtimin tuaj t\u00eb \u00ebndrrave k\u00ebtu! \ud83c\udf05 \ud83d\ude80 Shijoni bukurit\u00eb e Adriatikut! \ud83c\udf0a \ud83c\udfdd\ufe0fAventura juaj perfekte ju pret! \ud83c\udf0a \ud83c\udf08 Pajisjet e ve\u00e7uara t\u00eb apartamenteve BeadiniApartamentet Beadini ju ofrojn\u00eb kombinimin perfekt t\u00eb rehatis\u00eb dhe mjedisit natyror! Apartamentet tona moderne n\u00eb Durr\u00ebs dhe Ulqin ju lejojn\u00eb t\u00eb keni nj\u00eb pushim t\u00eb plot\u00eb me komoditete t\u00eb nivelit [&hellip;]<\/p>\n","protected":false},"author":6,"featured_media":0,"parent":0,"menu_order":0,"comment_status":"closed","ping_status":"closed","template":"","meta":{"_et_pb_use_builder":"on","_et_pb_old_content":"","_et_gb_content_width":"","footnotes":""},"class_list":["post-36338","page","type-page","status-publish","hentry"],"_links":{"self":[{"href":"https:\/\/www.beadiniapartmani.ba\/sq\/wp-json\/wp\/v2\/pages\/36338","targetHints":{"allow":["GET"]}}],"collection":[{"href":"https:\/\/www.beadiniapartmani.ba\/sq\/wp-json\/wp\/v2\/pages"}],"about":[{"href":"https:\/\/www.beadiniapartmani.ba\/sq\/wp-json\/wp\/v2\/types\/page"}],"author":[{"embeddable":true,"href":"https:\/\/www.beadiniapartmani.ba\/sq\/wp-json\/wp\/v2\/users\/6"}],"replies":[{"embeddable":true,"href":"https:\/\/www.beadiniapartmani.ba\/sq\/wp-json\/wp\/v2\/comments?post=36338"}],"version-history":[{"count":28,"href":"https:\/\/www.beadiniapartmani.ba\/sq\/wp-json\/wp\/v2\/pages\/36338\/revisions"}],"predecessor-version":[{"id":36702,"href":"https:\/\/www.beadiniapartmani.ba\/sq\/wp-json\/wp\/v2\/pages\/36338\/revisions\/36702"}],"wp:attachment":[{"href":"https:\/\/www.beadiniapartmani.ba\/sq\/wp-json\/wp\/v2\/media?parent=36338"}],"curies":[{"name":"wp","href":"https:\/\/api.w.org\/{rel}","templated":true}]}}