{"id":36341,"date":"2025-02-13T00:11:54","date_gmt":"2025-02-12T22:11:54","guid":{"rendered":"https:\/\/www.beadiniapartmani.ba\/jepet-me-qera-apartament-ne-shqiperi\/"},"modified":"2025-08-31T22:02:13","modified_gmt":"2025-08-31T20:02:13","slug":"jepet-me-qera-apartament-ne-shqiperi","status":"publish","type":"page","link":"https:\/\/www.beadiniapartmani.ba\/sq\/jepet-me-qera-apartament-ne-shqiperi\/","title":{"rendered":"Jepet me qera apartament ne shqiperi"},"content":{"rendered":"<p>[et_pb_section fb_built=&#8221;1&#8243; disabled_on=&#8221;off|off|off&#8221; _builder_version=&#8221;4.27.4&#8243; _module_preset=&#8221;default&#8221; background_color=&#8221;rgba(19,32,51,0.25)&#8221; background_image=&#8221;https:\/\/www.beadiniapartmani.ba\/wp-content\/uploads\/2025\/04\/Iznajmljivanje-apartmana-u-Albaniji-Beadini-apartamani.jpg&#8221; background_blend=&#8221;multiply&#8221; custom_padding=&#8221;||0px|||&#8221; hover_enabled=&#8221;0&#8243; global_colors_info=&#8221;{}&#8221; title_text=&#8221;Iznajmljivanje apartmana u Albaniji Beadini apartamani&#8221; sticky_enabled=&#8221;0&#8243;][et_pb_row _builder_version=&#8221;4.23.1&#8243; _module_preset=&#8221;default&#8221; module_alignment=&#8221;center&#8221; global_colors_info=&#8221;{}&#8221;][et_pb_column type=&#8221;4_4&#8243; _builder_version=&#8221;4.21.0&#8243; _module_preset=&#8221;default&#8221; global_colors_info=&#8221;{}&#8221;][et_pb_slider _builder_version=&#8221;4.27.4&#8243; _module_preset=&#8221;default&#8221; header_level=&#8221;h1&#8243; header_font=&#8221;|700|||||||&#8221; header_text_align=&#8221;left&#8221; header_font_size=&#8221;33px&#8221; body_font_size=&#8221;15px&#8221; background_color=&#8221;RGBA(255,255,255,0)&#8221; button_alignment=&#8221;left&#8221; custom_padding=&#8221;||||false|false&#8221; global_colors_info=&#8221;{}&#8221;][et_pb_slide heading=&#8221;Jepet me qera apartament ne shqiperi&#8221; button_link=&#8221;@ET-DC@eyJkeW5hbWljIjp0cnVlLCJjb250ZW50IjoicG9zdF9saW5rX3VybF9wYWdlIiwic2V0dGluZ3MiOnsicG9zdF9pZCI6IjM1MDAzIn19@&#8221; _builder_version=&#8221;4.27.4&#8243; _dynamic_attributes=&#8221;button_link&#8221; _module_preset=&#8221;default&#8221; header_level=&#8221;h1&#8243; header_font=&#8221;||||||||&#8221; header_text_align=&#8221;left&#8221; header_font_size=&#8221;27px&#8221; body_text_align=&#8221;left&#8221; custom_button=&#8221;on&#8221; button_text_color=&#8221;#FFFFFF&#8221; button_bg_color=&#8221;#0C71C3&#8243; global_colors_info=&#8221;{}&#8221; button_bg_color__hover_enabled=&#8221;on|hover&#8221; button_bg_color__hover=&#8221;#8300E9&#8243; button_bg_enable_color__hover=&#8221;on&#8221; sticky_transition=&#8221;on&#8221;]<\/p>\n<h3 data-start=\"45\" data-end=\"87\"><strong data-start=\"45\" data-end=\"87\">Durr\u00ebs: Relaksohuni dhe rimbushni baterit\u00eb tuaja<\/strong><\/h3>\n<p data-start=\"89\" data-end=\"325\">[\/et_pb_slide][\/et_pb_slider][\/et_pb_column][\/et_pb_row][\/et_pb_section][et_pb_section fb_built=&#8221;1&#8243; admin_label=&#8221;About Us&#8221; _builder_version=&#8221;4.24.0&#8243; custom_padding=&#8221;15px|0px|0|0px|false|false&#8221; global_colors_info=&#8221;{}&#8221;][et_pb_row _builder_version=&#8221;4.23.1&#8243; max_width=&#8221;1230px&#8221; global_colors_info=&#8221;{}&#8221;][et_pb_column type=&#8221;4_4&#8243; _builder_version=&#8221;4.23.1&#8243; custom_padding=&#8221;|||&#8221; global_colors_info=&#8221;{}&#8221; custom_padding__hover=&#8221;|||&#8221;][et_pb_text _builder_version=&#8221;4.27.4&#8243; text_font=&#8221;||||||||&#8221; text_font_size=&#8221;15px&#8221; text_line_height=&#8221;2em&#8221; ul_font=&#8221;|700|||||||&#8221; ul_line_height=&#8221;2em&#8221; ol_font=&#8221;||||||||&#8221; header_font=&#8221;||||||||&#8221; header_2_font=&#8221;|700|||||||&#8221; header_2_font_size=&#8221;24px&#8221; header_2_line_height=&#8221;1.4em&#8221; header_3_font=&#8221;||||||||&#8221; header_4_font=&#8221;||||||||&#8221; header_5_font=&#8221;|600|||||||&#8221; header_5_font_size=&#8221;23px&#8221; header_6_font=&#8221;||||||||&#8221; header_2_font_size_tablet=&#8221;&#8221; header_2_font_size_phone=&#8221;24px&#8221; header_2_font_size_last_edited=&#8221;on|phone&#8221; global_colors_info=&#8221;{}&#8221;]<\/p>\n<h3><strong>Apartamente me qera ne Shqiperi \ud83c\udfd6\ufe0f \ud83c\udf0a \u2600\ufe0f<\/strong><\/h3>\n<h4><strong>Durres: Relaksohuni dhe rimbushuni \ud83c\udfdd\ufe0f \u2728<\/strong><\/h4>\n<p>\ud83c\udf1f <strong>Durr\u00ebsi<\/strong> &#8211; nj\u00eb qytet i bukur n\u00eb bregdetin e detit Adriatik \ud83c\udf0a , vet\u00ebm <strong>26 km nga Tirana<\/strong> , \u00ebsht\u00eb destinacioni perfekt p\u00ebr nj\u00eb pushim t\u00eb \u00ebndrrave! \ud83c\udfdd\ufe0f Shijoni plazhet e gjata me r\u00ebr\u00eb \ud83c\udfd6\ufe0f , detin e kristalt\u00eb \ud83d\udc99 dhe historin\u00eb e pasur t\u00eb k\u00ebtij qyteti antik! \ud83c\udfdb\ufe0f  <\/p>\n<h3><strong>\ud83c\udfe1 Beadini Apartments: Sht\u00ebpia juaj larg sht\u00ebpis\u00eb! \ud83c\udfe1 \ud83d\udcab <\/strong><\/h3>\n<p>\ud83d\udd39 <strong>Nj\u00eb apartament komod dhe i pajisur n\u00eb m\u00ebnyr\u00eb moderne<\/strong> prej <strong>63 m\u00b2<\/strong> ofron gjith\u00e7ka q\u00eb ju nevojitet p\u00ebr nj\u00eb q\u00ebndrim perfekt! \ud83c\udf1e<\/p>\n<p>\u2705 <strong>Kuzhin\u00eb bashk\u00ebkohore<\/strong> \ud83c\udf7d\ufe0f<br \/> \u2705 <strong>Sallon<\/strong> i bollshem \ud83d\udecb\ufe0f<br \/> \u2705 <strong>Wi-Fi pa pages\u00eb \ud83d\udcf6 , TV \ud83d\udcfa dhe Netflix \ud83c\udf7f<\/strong><br \/> \u2705 <strong>P\u00ebrdorimi falas i pishin\u00ebs publike \ud83c\udfca\u200d\u2642\ufe0f , parkut p\u00ebr f\u00ebmij\u00eb \ud83c\udfa0 dhe fush\u00ebs s\u00eb basketbollit \ud83c\udfc0<\/strong><\/p>\n<h3><strong>\ud83d\udccd Vendndodhja dhe aksesueshm\u00ebria \ud83d\ude97 \ud83d\uddfa\ufe0f<\/strong><\/h3>\n<p>\ud83d\udccd Apartamentet tona ndodhen n\u00eb <strong>Kavaj\u00eb Golem<\/strong> , <strong>vet\u00ebm 2 km nga qendra e Durr\u00ebsit<\/strong> dhe <strong>26 km nga Tirana<\/strong> . \ud83d\ude99<br \/> \ud83d\udccd Af\u00ebrsia me plazhin \ud83c\udfd6\ufe0f , restorantet \ud83c\udf7d\ufe0f dhe atraksionet \ud83c\udfdb\ufe0f i b\u00ebn ata zgjedhjen perfekte p\u00ebr pushimet tuaja! \ud83c\udf1e <\/p>\n<h3><strong>\ud83d\udcc5 Rezervime dhe kontaktoni \ud83d\udce9 \ud83d\udcde<\/strong><\/h3>\n<p>\ud83d\udce9 <strong>Rezervoni apartamentin tuaj shpejt dhe leht\u00eb!<\/strong> Plot\u00ebsoni formularin n\u00eb faqen ton\u00eb t\u00eb internetit dhe ekipi yn\u00eb do t&#8217;ju kontaktoj\u00eb sa m\u00eb shpejt t\u00eb jet\u00eb e mundur! \u23f3<\/p>\n<p>\ud83d\udce7 <strong>Email:<\/strong> <a href=\"mailto:rezervacija@beadiniapartmani.ba\">rezervacija@beadiniapartmani.ba<\/a> \ud83d\udce9<br \/> \ud83d\udcf1 <strong>Telefon (Viber &amp; WhatsApp):<\/strong> +387 62 321 352 \ud83d\udcde<br \/> <span>\ud83d\udcdd<\/span> <strong data-start=\"310\" data-end=\"336\">P\u00ebrmes formularit t\u00eb kontaktit:<\/strong><span> <\/span><a data-start=\"337\" data-end=\"405\" href=\"https:\/\/www.beadiniapartmani.ba\/sq\/kontaktoni\/\">Kliko k\u00ebtu<\/a><\/p>\n<p>\ud83c\udfe1 <strong>Rezervoni vendin tuaj n\u00eb koh\u00eb dhe shijoni nj\u00eb pushim t\u00eb paharruesh\u00ebm n\u00eb Durr\u00ebs!<\/strong> \ud83c\udf0a \u2600\ufe0f \ud83c\udfdd\ufe0f \u2728<\/p>\n<p>[\/et_pb_text][\/et_pb_column][\/et_pb_row][\/et_pb_section][et_pb_section fb_built=&#8221;1&#8243; _builder_version=&#8221;4.27.0&#8243; background_color=&#8221;#FFFFFF&#8221; saved_tabs=&#8221;all&#8221; global_colors_info=&#8221;{}&#8221;][et_pb_row _builder_version=&#8221;4.27.0&#8243; _module_preset=&#8221;default&#8221; max_width=&#8221;1280px&#8221; custom_margin=&#8221;-34px||||false|false&#8221; global_colors_info=&#8221;{}&#8221; width__hover_enabled=&#8221;on|desktop&#8221;][et_pb_column type=&#8221;4_4&#8243; _builder_version=&#8221;4.18.0&#8243; _module_preset=&#8221;default&#8221; global_colors_info=&#8221;{}&#8221;][et_pb_gallery gallery_ids=&#8221;36277,36279,36281,36283,36498,36502&#8243; posts_number=&#8221;28&#8243; show_pagination=&#8221;off&#8221; hover_overlay_color=&#8221;rgba(255,255,255,0.32)&#8221; _builder_version=&#8221;4.27.4&#8243; _module_preset=&#8221;default&#8221; title_font_size=&#8221;15px&#8221; global_colors_info=&#8221;{}&#8221;][\/et_pb_gallery][\/et_pb_column][\/et_pb_row][\/et_pb_section]<\/p>\n","protected":false},"excerpt":{"rendered":"<p>Durr\u00ebs: Relaksohuni dhe rimbushni baterit\u00eb tuaja Apartamente me qera ne Shqiperi \ud83c\udfd6\ufe0f \ud83c\udf0a \u2600\ufe0f Durres: Relaksohuni dhe rimbushuni \ud83c\udfdd\ufe0f \u2728 \ud83c\udf1f Durr\u00ebsi &#8211; nj\u00eb qytet i bukur n\u00eb bregdetin e detit Adriatik \ud83c\udf0a , vet\u00ebm 26 km nga Tirana , \u00ebsht\u00eb destinacioni perfekt p\u00ebr nj\u00eb pushim t\u00eb \u00ebndrrave! \ud83c\udfdd\ufe0f Shijoni plazhet e gjata me r\u00ebr\u00eb [&hellip;]<\/p>\n","protected":false},"author":6,"featured_media":0,"parent":0,"menu_order":0,"comment_status":"closed","ping_status":"closed","template":"","meta":{"_et_pb_use_builder":"on","_et_pb_old_content":"","_et_gb_content_width":"","footnotes":""},"class_list":["post-36341","page","type-page","status-publish","hentry"],"_links":{"self":[{"href":"https:\/\/www.beadiniapartmani.ba\/sq\/wp-json\/wp\/v2\/pages\/36341","targetHints":{"allow":["GET"]}}],"collection":[{"href":"https:\/\/www.beadiniapartmani.ba\/sq\/wp-json\/wp\/v2\/pages"}],"about":[{"href":"https:\/\/www.beadiniapartmani.ba\/sq\/wp-json\/wp\/v2\/types\/page"}],"author":[{"embeddable":true,"href":"https:\/\/www.beadiniapartmani.ba\/sq\/wp-json\/wp\/v2\/users\/6"}],"replies":[{"embeddable":true,"href":"https:\/\/www.beadiniapartmani.ba\/sq\/wp-json\/wp\/v2\/comments?post=36341"}],"version-history":[{"count":14,"href":"https:\/\/www.beadiniapartmani.ba\/sq\/wp-json\/wp\/v2\/pages\/36341\/revisions"}],"predecessor-version":[{"id":36713,"href":"https:\/\/www.beadiniapartmani.ba\/sq\/wp-json\/wp\/v2\/pages\/36341\/revisions\/36713"}],"wp:attachment":[{"href":"https:\/\/www.beadiniapartmani.ba\/sq\/wp-json\/wp\/v2\/media?parent=36341"}],"curies":[{"name":"wp","href":"https:\/\/api.w.org\/{rel}","templated":true}]}}