{"id":36344,"date":"2025-02-13T00:13:04","date_gmt":"2025-02-12T22:13:04","guid":{"rendered":"https:\/\/www.beadiniapartmani.ba\/jepet-me-qera-nje-apartament-ne-mal-te-zi\/"},"modified":"2026-02-15T14:29:44","modified_gmt":"2026-02-15T12:29:44","slug":"jepet-me-qera-nje-apartament-ne-mal-te-zi","status":"publish","type":"page","link":"https:\/\/www.beadiniapartmani.ba\/sq\/jepet-me-qera-nje-apartament-ne-mal-te-zi\/","title":{"rendered":"Jepet me qera nje apartament ne Mal te Zi"},"content":{"rendered":"<p>[et_pb_section fb_built=&#8221;1&#8243; disabled_on=&#8221;off|off|off&#8221; _builder_version=&#8221;4.27.4&#8243; _module_preset=&#8221;default&#8221; background_color=&#8221;rgba(19,32,51,0.25)&#8221; background_image=&#8221;https:\/\/www.beadiniapartmani.ba\/wp-content\/uploads\/2025\/02\/Iznajmljivanje-apartmana-u-Crnoj-Gori-u-Ulcinju-Beadini-apartmani-2.png&#8221; background_blend=&#8221;multiply&#8221; custom_padding=&#8221;||0px|||&#8221; global_colors_info=&#8221;{}&#8221;][et_pb_row _builder_version=&#8221;4.23.1&#8243; _module_preset=&#8221;default&#8221; module_alignment=&#8221;center&#8221; global_colors_info=&#8221;{}&#8221;][et_pb_column type=&#8221;4_4&#8243; _builder_version=&#8221;4.21.0&#8243; _module_preset=&#8221;default&#8221; global_colors_info=&#8221;{}&#8221;][et_pb_slider _builder_version=&#8221;4.27.4&#8243; _module_preset=&#8221;default&#8221; header_level=&#8221;h1&#8243; header_font=&#8221;|700|||||||&#8221; header_text_align=&#8221;left&#8221; header_font_size=&#8221;33px&#8221; body_font_size=&#8221;15px&#8221; background_color=&#8221;RGBA(255,255,255,0)&#8221; button_alignment=&#8221;left&#8221; custom_padding=&#8221;||||false|false&#8221; global_colors_info=&#8221;{}&#8221;][et_pb_slide heading=&#8221;Jepet me qera nje apartament ne Mal te Zi&#8221; button_link=&#8221;@ET-DC@eyJkeW5hbWljIjp0cnVlLCJjb250ZW50IjoicG9zdF9saW5rX3VybF9wYWdlIiwic2V0dGluZ3MiOnsicG9zdF9pZCI6IjM1MDAzIiwiZW5hYmxlX2h0bWwiOiJvZmYifX0=@&#8221; _builder_version=&#8221;4.27.4&#8243; _dynamic_attributes=&#8221;button_link&#8221; _module_preset=&#8221;default&#8221; header_level=&#8221;h1&#8243; header_font=&#8221;||||||||&#8221; header_text_align=&#8221;left&#8221; header_font_size=&#8221;27px&#8221; body_text_align=&#8221;left&#8221; custom_button=&#8221;on&#8221; button_text_color=&#8221;#FFFFFF&#8221; button_bg_color=&#8221;#0C71C3&#8243; global_colors_info=&#8221;{}&#8221; button_bg_color__hover_enabled=&#8221;on|hover&#8221; button_bg_color__hover=&#8221;#8300E9&#8243; button_bg_enable_color__hover=&#8221;on&#8221; sticky_transition=&#8221;on&#8221;]<\/p>\n<h3><span class=\"OYPEnA text-decoration-none text-strikethrough-none\">Ulqin: Relaksohuni dhe mbushni baterit\u00eb tuaja<\/span><\/h3>\n<p>[\/et_pb_slide][\/et_pb_slider][\/et_pb_column][\/et_pb_row][\/et_pb_section][et_pb_section fb_built=&#8221;1&#8243; admin_label=&#8221;About Us&#8221; _builder_version=&#8221;4.24.0&#8243; custom_padding=&#8221;15px|0px|0|0px|false|false&#8221; global_colors_info=&#8221;{}&#8221;][et_pb_row _builder_version=&#8221;4.23.1&#8243; max_width=&#8221;1230px&#8221; global_colors_info=&#8221;{}&#8221;][et_pb_column type=&#8221;4_4&#8243; _builder_version=&#8221;4.23.1&#8243; custom_padding=&#8221;|||&#8221; global_colors_info=&#8221;{}&#8221; custom_padding__hover=&#8221;|||&#8221;][et_pb_text _builder_version=&#8221;4.27.4&#8243; text_font=&#8221;||||||||&#8221; text_font_size=&#8221;15px&#8221; text_line_height=&#8221;2em&#8221; ul_font=&#8221;|700|||||||&#8221; ul_line_height=&#8221;2em&#8221; ol_font=&#8221;||||||||&#8221; header_font=&#8221;||||||||&#8221; header_2_font=&#8221;|700|||||||&#8221; header_2_font_size=&#8221;24px&#8221; header_2_line_height=&#8221;1.4em&#8221; header_3_font=&#8221;||||||||&#8221; header_4_font=&#8221;||||||||&#8221; header_5_font=&#8221;|600|||||||&#8221; header_5_font_size=&#8221;23px&#8221; header_6_font=&#8221;||||||||&#8221; hover_enabled=&#8221;0&#8243; header_2_font_size_tablet=&#8221;&#8221; header_2_font_size_phone=&#8221;24px&#8221; header_2_font_size_last_edited=&#8221;on|phone&#8221; global_colors_info=&#8221;{}&#8221; sticky_enabled=&#8221;0&#8243;]<\/p>\n<h3><strong>Apartamente me qera ne Mal te Zi \ud83c\udfd6\ufe0f \ud83c\udf0a \u2600\ufe0f<\/strong><\/h3>\n<h4><strong>Ulqin: Relaksohuni dhe rimbushuni \ud83c\udfdd\ufe0f \u2728<\/strong><\/h4>\n<p>\ud83c\udf1f <strong>Ulqini<\/strong> \u2013 perla e bregdetit malazez \ud83c\udf0a , i njohur p\u00ebr <strong>plazhet e gjata me r\u00ebr\u00eb<\/strong> \ud83c\udfd6\ufe0f dhe historin\u00eb e pasur! \ud83c\udfdb\ufe0f Ky qytet i bukur bregdetar ofron kombinimin perfekt t\u00eb pushimeve, aventurave dhe eksperiencave t\u00eb paharrueshme! \u2728<\/p>\n<h3><strong>\ud83c\udfe1 Beadini Apartments: Akomodimi juaj perfekt n\u00eb Ulqin! \ud83c\udfe1 \ud83d\udcab <\/strong><\/h3>\n<p>\ud83d\udd39 <strong>Nj\u00eb apartament komod dhe i pajisur n\u00eb m\u00ebnyr\u00eb moderne<\/strong> prej <strong>44 m\u00b2<\/strong> ofron gjith\u00e7ka q\u00eb ju nevojitet p\u00ebr nj\u00eb q\u00ebndrim t\u00eb rehatsh\u00ebm dhe t\u00eb pakujdessh\u00ebm! \ud83c\udf1e<\/p>\n<p>\u2705 <strong>Kuzhin\u00eb bashk\u00ebkohore<\/strong> \ud83c\udf7d\ufe0f<br \/> \u2705 <strong>Dhom\u00eb ndenjeje e bollshme<\/strong> \ud83d\udecb\ufe0f<br \/> \u2705 <strong>Wi-Fi falas \ud83d\udcf6, TV \ud83d\udcfa dhe Netflix \ud83c\udf7f<\/strong><br \/> \u2705 <strong>P\u00ebrdorim falas i pishin\u00ebs publike \ud83c\udfca\u200d\u2642\ufe0f<\/strong><br \/> \u2705 <strong>Mund\u00ebsi p\u00ebr t\u00eb marr\u00eb me qira JETSKI \ud83d\udea4\ud83c\udf0a<\/strong><\/p>\n<p>\ud83d\udccd <strong>Vendndodhja:<\/strong> Banesa jon\u00eb ndodhet <strong>vet\u00ebm 300 metra nga qendra e Ulqinit<\/strong> , af\u00ebr restoranteve, sh\u00ebtitoreve dhe plazhit! \ud83c\udfd6\ufe0f <\/p>\n<h3><strong>\ud83d\udea4 Aventur\u00eb me Jet Ski \u2013 plot\u00ebsoni pushimet tuaja! \ud83c\udf0a \ud83d\udca8 <\/strong><\/h3>\n<p>P\u00ebr t\u00eb gjith\u00eb dashamir\u00ebsit e adrenalin\u00ebs, ofrojm\u00eb <strong>qira t\u00eb Jet Ski-ve<\/strong> ! \ud83d\udea4\ud83c\udf1e<br \/>\ud83d\udd39 <strong>Rezervoni udh\u00ebtimin tuaj<\/strong> dhe p\u00ebrjetoni emocionet n\u00eb det! \ud83c\udf0a\ud83d\udca8 <\/p>\n<p>\ud83d\udc49 M\u00eb shum\u00eb informacion dhe rezervime n\u00eb:<br \/> <a href=\"https:\/\/jetskibeadini.com\/\" target=\"_blank\" rel=\"noopener\">\ud83d\udd17<span> <\/span>www.jetskibeadini.com<\/a><a href=\"https:\/\/jetskibeadini.me\/\" target=\"_blank\" rel=\"noopener\"><\/a><\/p>\n<h3><strong>\ud83d\udcc5 Rezervime dhe kontaktoni \ud83d\udce9 \ud83d\udcde<\/strong><\/h3>\n<p>\ud83d\udce9 <strong>Rezervoni apartamentin tuaj shpejt dhe leht\u00eb!<\/strong> Plot\u00ebsoni formularin n\u00eb faqen ton\u00eb t\u00eb internetit dhe ekipi yn\u00eb do t&#8217;ju kontaktoj\u00eb sa m\u00eb shpejt t\u00eb jet\u00eb e mundur! \u23f3<\/p>\n<p>\ud83d\udce7 <strong>Email:<\/strong> <a href=\"mailto:rezervacija@beadiniapartmani.ba\">rezervacija@beadiniapartmani.ba<\/a> \ud83d\udce9<br \/> \ud83d\udcf1 <strong>Telefon (Viber &amp; WhatsApp):<\/strong> +387 62 321 352 \ud83d\udcde<br \/> <span>\ud83d\udcdd<\/span> <strong data-start=\"310\" data-end=\"336\">P\u00ebrmes formularit t\u00eb kontaktit:<\/strong><span> <\/span><a data-start=\"337\" data-end=\"405\" href=\"https:\/\/www.beadiniapartmani.ba\/sq\/kontaktoni\/\">Kliko k\u00ebtu<\/a><\/p>\n<p>\ud83c\udfe1 <strong>Sigurojeni vendin tuaj n\u00eb koh\u00eb dhe kaloni pushime t\u00eb paharrueshme n\u00eb Ulqin!<\/strong> \ud83c\udf0a \u2600\ufe0f \ud83c\udfdd\ufe0f \u2728<\/p>\n<p>[\/et_pb_text][\/et_pb_column][\/et_pb_row][\/et_pb_section][et_pb_section fb_built=&#8221;1&#8243; _builder_version=&#8221;4.27.0&#8243; background_color=&#8221;#FFFFFF&#8221; saved_tabs=&#8221;all&#8221; global_colors_info=&#8221;{}&#8221;][et_pb_row _builder_version=&#8221;4.27.0&#8243; _module_preset=&#8221;default&#8221; max_width=&#8221;1280px&#8221; custom_margin=&#8221;-34px||||false|false&#8221; global_colors_info=&#8221;{}&#8221; width__hover_enabled=&#8221;on|desktop&#8221;][et_pb_column type=&#8221;4_4&#8243; _builder_version=&#8221;4.18.0&#8243; _module_preset=&#8221;default&#8221; global_colors_info=&#8221;{}&#8221;][et_pb_gallery gallery_ids=&#8221;36749,36747,36745,36743,36199&#8243; posts_number=&#8221;28&#8243; show_pagination=&#8221;off&#8221; hover_overlay_color=&#8221;rgba(255,255,255,0.32)&#8221; _builder_version=&#8221;4.27.4&#8243; _module_preset=&#8221;default&#8221; title_font_size=&#8221;15px&#8221; global_colors_info=&#8221;{}&#8221;][\/et_pb_gallery][\/et_pb_column][\/et_pb_row][\/et_pb_section]<\/p>\n","protected":false},"excerpt":{"rendered":"<p>Ulqin: Relaksohuni dhe mbushni baterit\u00eb tuajaApartamente me qera ne Mal te Zi \ud83c\udfd6\ufe0f \ud83c\udf0a \u2600\ufe0f Ulqin: Relaksohuni dhe rimbushuni \ud83c\udfdd\ufe0f \u2728 \ud83c\udf1f Ulqini \u2013 perla e bregdetit malazez \ud83c\udf0a , i njohur p\u00ebr plazhet e gjata me r\u00ebr\u00eb \ud83c\udfd6\ufe0f dhe historin\u00eb e pasur! \ud83c\udfdb\ufe0f Ky qytet i bukur bregdetar ofron kombinimin perfekt t\u00eb pushimeve, aventurave [&hellip;]<\/p>\n","protected":false},"author":6,"featured_media":0,"parent":0,"menu_order":0,"comment_status":"closed","ping_status":"closed","template":"","meta":{"_et_pb_use_builder":"on","_et_pb_old_content":"","_et_gb_content_width":"","footnotes":""},"class_list":["post-36344","page","type-page","status-publish","hentry"],"_links":{"self":[{"href":"https:\/\/www.beadiniapartmani.ba\/sq\/wp-json\/wp\/v2\/pages\/36344","targetHints":{"allow":["GET"]}}],"collection":[{"href":"https:\/\/www.beadiniapartmani.ba\/sq\/wp-json\/wp\/v2\/pages"}],"about":[{"href":"https:\/\/www.beadiniapartmani.ba\/sq\/wp-json\/wp\/v2\/types\/page"}],"author":[{"embeddable":true,"href":"https:\/\/www.beadiniapartmani.ba\/sq\/wp-json\/wp\/v2\/users\/6"}],"replies":[{"embeddable":true,"href":"https:\/\/www.beadiniapartmani.ba\/sq\/wp-json\/wp\/v2\/comments?post=36344"}],"version-history":[{"count":5,"href":"https:\/\/www.beadiniapartmani.ba\/sq\/wp-json\/wp\/v2\/pages\/36344\/revisions"}],"predecessor-version":[{"id":36763,"href":"https:\/\/www.beadiniapartmani.ba\/sq\/wp-json\/wp\/v2\/pages\/36344\/revisions\/36763"}],"wp:attachment":[{"href":"https:\/\/www.beadiniapartmani.ba\/sq\/wp-json\/wp\/v2\/media?parent=36344"}],"curies":[{"name":"wp","href":"https:\/\/api.w.org\/{rel}","templated":true}]}}