{"id":36347,"date":"2025-02-13T19:04:15","date_gmt":"2025-02-13T17:04:15","guid":{"rendered":"https:\/\/www.beadiniapartmani.ba\/jet-ski-me-qira\/"},"modified":"2026-02-14T21:37:17","modified_gmt":"2026-02-14T19:37:17","slug":"jet-ski-me-qira","status":"publish","type":"page","link":"https:\/\/www.beadiniapartmani.ba\/sq\/jet-ski-me-qira\/","title":{"rendered":"Jet Ski me qira"},"content":{"rendered":"<p>[et_pb_section fb_built=&#8221;1&#8243; disabled_on=&#8221;off|off|off&#8221; _builder_version=&#8221;4.27.4&#8243; _module_preset=&#8221;default&#8221; background_color=&#8221;rgba(19,32,51,0.25)&#8221; background_image=&#8221;https:\/\/www.beadiniapartmani.ba\/wp-content\/uploads\/2025\/02\/Jetski-Beadini-apartmani-5.png&#8221; background_position=&#8221;top_center&#8221; background_blend=&#8221;multiply&#8221; custom_padding=&#8221;||0px|||&#8221; global_colors_info=&#8221;{}&#8221;][et_pb_row _builder_version=&#8221;4.23.1&#8243; _module_preset=&#8221;default&#8221; module_alignment=&#8221;center&#8221; global_colors_info=&#8221;{}&#8221;][et_pb_column type=&#8221;4_4&#8243; _builder_version=&#8221;4.21.0&#8243; _module_preset=&#8221;default&#8221; global_colors_info=&#8221;{}&#8221;][et_pb_slider _builder_version=&#8221;4.27.4&#8243; _module_preset=&#8221;default&#8221; header_level=&#8221;h1&#8243; header_font=&#8221;|700|||||||&#8221; header_text_align=&#8221;left&#8221; header_font_size=&#8221;33px&#8221; body_font_size=&#8221;15px&#8221; background_color=&#8221;RGBA(255,255,255,0)&#8221; button_alignment=&#8221;left&#8221; custom_padding=&#8221;||||false|false&#8221; global_colors_info=&#8221;{}&#8221;][et_pb_slide heading=&#8221;Jet Ski me qira&#8221; button_link=&#8221;@ET-DC@eyJkeW5hbWljIjp0cnVlLCJjb250ZW50IjoicG9zdF9saW5rX3VybF9wYWdlIiwic2V0dGluZ3MiOnsicG9zdF9pZCI6IjM1MDAzIiwiZW5hYmxlX2h0bWwiOiJvZmYifX0=@&#8221; _builder_version=&#8221;4.27.4&#8243; _dynamic_attributes=&#8221;button_link&#8221; _module_preset=&#8221;default&#8221; header_level=&#8221;h1&#8243; header_font=&#8221;||||||||&#8221; header_text_align=&#8221;left&#8221; header_font_size=&#8221;27px&#8221; body_text_align=&#8221;left&#8221; custom_button=&#8221;on&#8221; button_text_color=&#8221;#FFFFFF&#8221; button_bg_color=&#8221;#0C71C3&#8243; global_colors_info=&#8221;{}&#8221; button_bg_color__hover_enabled=&#8221;on|hover&#8221; button_bg_color__hover=&#8221;#8300E9&#8243; button_bg_enable_color__hover=&#8221;on&#8221; sticky_transition=&#8221;on&#8221;]<\/p>\n<h3><span class=\"OYPEnA text-decoration-none text-strikethrough-none\">Aventur\u00eb me adrenalin\u00eb n\u00eb det<\/span><\/h3>\n<p>[\/et_pb_slide][\/et_pb_slider][\/et_pb_column][\/et_pb_row][\/et_pb_section][et_pb_section fb_built=&#8221;1&#8243; admin_label=&#8221;About Us&#8221; _builder_version=&#8221;4.24.0&#8243; custom_padding=&#8221;15px|0px|0|0px|false|false&#8221; global_colors_info=&#8221;{}&#8221;][et_pb_row _builder_version=&#8221;4.23.1&#8243; max_width=&#8221;1230px&#8221; global_colors_info=&#8221;{}&#8221;][et_pb_column type=&#8221;4_4&#8243; _builder_version=&#8221;4.23.1&#8243; custom_padding=&#8221;|||&#8221; global_colors_info=&#8221;{}&#8221; custom_padding__hover=&#8221;|||&#8221;][et_pb_text _builder_version=&#8221;4.27.4&#8243; text_font=&#8221;||||||||&#8221; text_font_size=&#8221;15px&#8221; text_line_height=&#8221;2em&#8221; ul_font=&#8221;|700|||||||&#8221; ul_line_height=&#8221;2em&#8221; ol_font=&#8221;||||||||&#8221; header_font=&#8221;||||||||&#8221; header_2_font=&#8221;|700|||||||&#8221; header_2_font_size=&#8221;24px&#8221; header_2_line_height=&#8221;1.4em&#8221; header_3_font=&#8221;||||||||&#8221; header_4_font=&#8221;||||||||&#8221; header_5_font=&#8221;|600|||||||&#8221; header_5_font_size=&#8221;23px&#8221; header_6_font=&#8221;||||||||&#8221; hover_enabled=&#8221;0&#8243; header_2_font_size_tablet=&#8221;&#8221; header_2_font_size_phone=&#8221;24px&#8221; header_2_font_size_last_edited=&#8221;on|phone&#8221; global_colors_info=&#8221;{}&#8221; sticky_enabled=&#8221;0&#8243;]<\/p>\n<h3><strong>Jet Ski me \ud83c\udf0a \ud83d\udea4<\/strong><\/h3>\n<h4><strong>Aventur\u00eb me adrenalin\u00eb n\u00eb det! \ud83d\udca8 \u2600\ufe0f<\/strong><\/h4>\n<p>N\u00ebse jeni adhurues <strong>i shpejt\u00ebsis\u00eb, adrenalin\u00ebs dhe aventurave n\u00eb det<\/strong> , at\u00ebher\u00eb <strong>xhirimi me Jet Ski<\/strong> \u00ebsht\u00eb zgjidhja e duhur p\u00ebr ju! \ud83d\udea4 \ud83d\udca8 P\u00ebrjetoni <strong>nj\u00eb eksperienc\u00eb t\u00eb paharrueshme<\/strong> mbi val\u00eb, ndjeni <strong>er\u00ebn n\u00eb flok\u00ebt tuaj<\/strong> dhe eksploroni bregdetin e bukur t\u00eb Ulqinit nga nj\u00eb k\u00ebndv\u00ebshtrim krejt\u00ebsisht i ri! \ud83c\udf0a \ud83c\udfdd\ufe0f<\/p>\n<h3><strong>\ud83d\udea4 Jet Ski Beadini \u2013 Udh\u00ebtimi m\u00eb i mir\u00eb n\u00eb det! \ud83c\udf1e<\/strong><\/h3>\n<p>\ud83d\udd39 <strong>\u00c7mimi i qiras\u00eb:<\/strong><br \/> \u2705 <strong>75 \u20ac \/ 1 or\u00eb<\/strong> \u23f3<\/p>\n<p>\ud83d\udd39 <strong>Pse t\u00eb zgjidhni Jet Ski-n ton\u00eb?<\/strong><br \/> \u2705 <strong>Jet Ski i fuqish\u00ebm dhe i shpejt\u00eb<\/strong> \ud83d\ude80<br \/> \u2705 <strong>E leht\u00eb p\u00ebr t\u2019u kontrolluar \u2013 ideale edhe p\u00ebr fillestar\u00ebt!<\/strong> \ud83c\udfc4\u200d\u2642\ufe0f<br \/> \u2705 <strong>Mund\u00ebsi p\u00ebr t\u00eb drejtuar makin\u00ebn p\u00ebr dy persona<\/strong> \ud83d\udc68\u200d\ud83d\udc69\u200d\ud83d\udc67\u200d\ud83d\udc66<br \/> \u2705 <strong>Pajisjet e siguris\u00eb jan\u00eb t\u00eb p\u00ebrfshira<\/strong> \ud83c\udfbd<br \/> \u2705 <strong>Udh\u00ebzime dhe ndihm\u00eb p\u00ebr fillestar\u00ebt<\/strong> \ud83d\udcd6<\/p>\n<p>\ud83d\udd39 <strong>Kush mund t\u00eb ngas\u00eb nj\u00eb Jet Ski?<\/strong><br \/> \ud83d\udd38 <strong>Persona mbi 18 vje\u00e7<\/strong> (ose t\u00eb shoq\u00ebruar nga nj\u00eb instruktor)<br \/> \ud83d\udd38 <strong>T\u00eb gjith\u00eb ata q\u00eb duan t\u00eb p\u00ebrjetojn\u00eb emocionin e ngasjes mbi uj\u00eb!<\/strong> \ud83d\udca5<\/p>\n<h3><strong>\ud83d\udcc5 Rezervime dhe informacione<\/strong><\/h3>\n<p>\ud83d\udce9 <strong>Rezervoni aventur\u00ebn tuaj sot!<\/strong> Mos e humbisni mund\u00ebsin\u00eb p\u00ebr nj\u00eb eksperienc\u00eb t\u00eb pabesueshme n\u00eb uj\u00eb! \ud83c\udf0a \ud83d\udd25<\/p>\n<p>\ud83c\udf10 <strong>M\u00eb shum\u00eb informacion dhe rezervime n\u00eb:<\/strong><br \/> \ud83d\udc49 <a href=\"https:\/\/jetskibeadini.com\/\" target=\"_blank\" rel=\"noopener\">\ud83d\udd17 www.jetskibeadini.com<\/a><\/p>\n<p>\ud83d\udce7 <strong>Email:<\/strong> <a href=\"mailto:info@jetskibeadini.com\">info@jetskibeadini.com<\/a> \ud83d\udce9<br \/> \ud83d\udcf1 <strong>Telefon (Viber &amp; WhatsApp):<\/strong> +387 62 321 352 \ud83d\udcde<br \/> <span>\ud83d\udcdd<\/span> <strong data-start=\"310\" data-end=\"336\">P\u00ebrmes formularit t\u00eb kontaktit:<\/strong><span> <\/span><a data-start=\"337\" data-end=\"405\" href=\"https:\/\/www.beadiniapartmani.ba\/sq\/kontaktoni\/\">Kliko k\u00ebtu<\/a><\/p>\n<p>\ud83d\udea4 <strong>Shfryt\u00ebzojeni mund\u00ebsin\u00eb p\u00ebr nj\u00eb udh\u00ebtim \u00ebndrrash dhe ndjeni fuqin\u00eb e detit!<\/strong> \ud83c\udf0a \ud83d\udca8 \ud83d\udd25<\/p>\n<p>&nbsp;<\/p>\n<p>[\/et_pb_text][\/et_pb_column][\/et_pb_row][\/et_pb_section][et_pb_section fb_built=&#8221;1&#8243; _builder_version=&#8221;4.27.0&#8243; background_color=&#8221;#FFFFFF&#8221; custom_padding=&#8221;15px|||||&#8221; saved_tabs=&#8221;all&#8221; global_colors_info=&#8221;{}&#8221;][et_pb_row _builder_version=&#8221;4.27.0&#8243; _module_preset=&#8221;default&#8221; max_width=&#8221;1280px&#8221; custom_margin=&#8221;-34px||||false|false&#8221; global_colors_info=&#8221;{}&#8221; width__hover_enabled=&#8221;on|desktop&#8221;][et_pb_column type=&#8221;4_4&#8243; _builder_version=&#8221;4.18.0&#8243; _module_preset=&#8221;default&#8221; global_colors_info=&#8221;{}&#8221;][et_pb_text _builder_version=&#8221;4.27.4&#8243; _module_preset=&#8221;default&#8221; global_colors_info=&#8221;{}&#8221;]<\/p>\n<p>Fotot jan\u00eb ilustruese<\/p>\n<p>Imazhet jan\u00eb simbolike \u2013 automjetet q\u00eb vijn\u00eb<\/p>\n<p>[\/et_pb_text][et_pb_gallery gallery_ids=&#8221;35875,36169,35877,36161,36163,36165,36173&#8243; posts_number=&#8221;28&#8243; show_title_and_caption=&#8221;off&#8221; show_pagination=&#8221;off&#8221; hover_overlay_color=&#8221;rgba(255,255,255,0.32)&#8221; _builder_version=&#8221;4.27.4&#8243; _module_preset=&#8221;default&#8221; global_colors_info=&#8221;{}&#8221;][\/et_pb_gallery][\/et_pb_column][\/et_pb_row][\/et_pb_section]<\/p>\n","protected":false},"excerpt":{"rendered":"<p>Aventur\u00eb me adrenalin\u00eb n\u00eb detJet Ski me \ud83c\udf0a \ud83d\udea4 Aventur\u00eb me adrenalin\u00eb n\u00eb det! \ud83d\udca8 \u2600\ufe0f N\u00ebse jeni adhurues i shpejt\u00ebsis\u00eb, adrenalin\u00ebs dhe aventurave n\u00eb det , at\u00ebher\u00eb xhirimi me Jet Ski \u00ebsht\u00eb zgjidhja e duhur p\u00ebr ju! \ud83d\udea4 \ud83d\udca8 P\u00ebrjetoni nj\u00eb eksperienc\u00eb t\u00eb paharrueshme mbi val\u00eb, ndjeni er\u00ebn n\u00eb flok\u00ebt tuaj dhe eksploroni bregdetin [&hellip;]<\/p>\n","protected":false},"author":6,"featured_media":0,"parent":0,"menu_order":0,"comment_status":"closed","ping_status":"closed","template":"","meta":{"_et_pb_use_builder":"on","_et_pb_old_content":"","_et_gb_content_width":"","footnotes":""},"class_list":["post-36347","page","type-page","status-publish","hentry"],"_links":{"self":[{"href":"https:\/\/www.beadiniapartmani.ba\/sq\/wp-json\/wp\/v2\/pages\/36347","targetHints":{"allow":["GET"]}}],"collection":[{"href":"https:\/\/www.beadiniapartmani.ba\/sq\/wp-json\/wp\/v2\/pages"}],"about":[{"href":"https:\/\/www.beadiniapartmani.ba\/sq\/wp-json\/wp\/v2\/types\/page"}],"author":[{"embeddable":true,"href":"https:\/\/www.beadiniapartmani.ba\/sq\/wp-json\/wp\/v2\/users\/6"}],"replies":[{"embeddable":true,"href":"https:\/\/www.beadiniapartmani.ba\/sq\/wp-json\/wp\/v2\/comments?post=36347"}],"version-history":[{"count":8,"href":"https:\/\/www.beadiniapartmani.ba\/sq\/wp-json\/wp\/v2\/pages\/36347\/revisions"}],"predecessor-version":[{"id":36737,"href":"https:\/\/www.beadiniapartmani.ba\/sq\/wp-json\/wp\/v2\/pages\/36347\/revisions\/36737"}],"wp:attachment":[{"href":"https:\/\/www.beadiniapartmani.ba\/sq\/wp-json\/wp\/v2\/media?parent=36347"}],"curies":[{"name":"wp","href":"https:\/\/api.w.org\/{rel}","templated":true}]}}