{"id":36356,"date":"2022-08-29T09:20:16","date_gmt":"2022-08-29T07:20:16","guid":{"rendered":"https:\/\/www.beadiniapartmani.ba\/politika-e-privatesise\/"},"modified":"2025-03-07T17:41:57","modified_gmt":"2025-03-07T15:41:57","slug":"politika-e-privatesise","status":"publish","type":"page","link":"https:\/\/www.beadiniapartmani.ba\/sq\/politika-e-privatesise\/","title":{"rendered":"Politika e privat\u00ebsis\u00eb"},"content":{"rendered":"<p>[et_pb_section fb_built=&#8221;1&#8243; _builder_version=&#8221;4.21.0&#8243; background_color=&#8221;#ededed&#8221; global_colors_info=&#8221;{}&#8221;][et_pb_row _builder_version=&#8221;4.21.0&#8243; background_size=&#8221;initial&#8221; background_position=&#8221;top_left&#8221; background_repeat=&#8221;repeat&#8221; max_width=&#8221;1440px&#8221; global_colors_info=&#8221;{}&#8221;][et_pb_column type=&#8221;4_4&#8243; _builder_version=&#8221;4.16&#8243; custom_padding=&#8221;|||&#8221; global_colors_info=&#8221;{}&#8221; custom_padding__hover=&#8221;|||&#8221;][et_pb_text _builder_version=&#8221;4.27.4&#8243; header_text_align=&#8221;center&#8221; background_size=&#8221;initial&#8221; background_position=&#8221;top_left&#8221; background_repeat=&#8221;repeat&#8221; hover_enabled=&#8221;0&#8243; global_colors_info=&#8221;{}&#8221; sticky_enabled=&#8221;0&#8243;]<\/p>\n<h1>Politika e privat\u00ebsis\u00eb<\/h1>\n<p>&nbsp;<\/p>\n<p>Data e hyrjes n\u00eb fuqi: 01.03.2025<\/p>\n<p>Faleminderit q\u00eb vizituat faqen e internetit <span>t\u00eb Beadini apartmani<\/span> (n\u00eb tekstin e m\u00ebtejm\u00eb &#8220;faqja e internetit&#8221;). Si vizitor, privat\u00ebsia juaj dhe siguria e informacionit tuaj personal jan\u00eb jasht\u00ebzakonisht t\u00eb r\u00ebnd\u00ebsishme p\u00ebr ne. M\u00eb posht\u00eb do t&#8217;ju ofrojm\u00eb informacione rreth t\u00eb dh\u00ebnave q\u00eb mbledhim, si i p\u00ebrdorim dhe ndajm\u00eb dhe si i mbrojm\u00eb t\u00eb dh\u00ebnat tuaja.<\/p>\n<p>Mbledhja dhe p\u00ebrdorimi i informacionit: <span>Beadini Apartments<\/span> mbledh disa informacione personale q\u00eb ju na jepni vullnetarisht p\u00ebrmes faqes s\u00eb internetit. Ky informacion p\u00ebrfshin emrin, mbiemrin, emrin e kompanis\u00eb dhe adres\u00ebn tuaj t\u00eb emailit. Ne e mbledhim k\u00ebt\u00eb informacion p\u00ebr t&#8217;ju ofruar informacion n\u00eb lidhje me produktet dhe sh\u00ebrbimet tona, p\u00ebr t\u00eb p\u00ebrpunuar k\u00ebrkesat tuaja dhe p\u00ebr t&#8217;iu p\u00ebrgjigjur k\u00ebrkesave tuaja.<\/p>\n<p>Ndarja e informacionit: <span>Beadini apartmani<\/span> nuk i ndan t\u00eb dh\u00ebnat tuaja personale me pal\u00ebt e treta pa p\u00eblqimin tuaj t\u00eb shprehur, p\u00ebrve\u00e7 n\u00ebse \u00ebsht\u00eb e nevojshme p\u00ebr t\u00eb ofruar sh\u00ebrbime ose n\u00ebse k\u00ebrkohet me ligj. Informacioni juaj personal mund t\u00eb ndahet me partner\u00ebt tan\u00eb t\u00eb besuar ose ofruesit e sh\u00ebrbimeve q\u00eb na ndihmojn\u00eb n\u00eb biznesin ton\u00eb, me kusht q\u00eb ata t\u00eb pranojn\u00eb t\u00eb respektojn\u00eb k\u00ebt\u00eb politik\u00eb t\u00eb privat\u00ebsis\u00eb dhe t\u00eb zbatojn\u00eb masat e duhura t\u00eb siguris\u00eb.<\/p>\n<p>Siguria e t\u00eb dh\u00ebnave: <span>Beadini apartmani<\/span> merr masa t\u00eb arsyeshme teknike, administrative dhe fizike p\u00ebr t\u00eb mbrojtur informacionin tuaj personal nga humbja, keqp\u00ebrdorimi, aksesi i paautorizuar, zbulimi, ndryshimi ose shkat\u00ebrrimi. Megjithat\u00eb, asnj\u00eb sistem i transmetimit ose ruajtjes s\u00eb t\u00eb dh\u00ebnave n\u00eb internet nuk \u00ebsht\u00eb plot\u00ebsisht i sigurt dhe p\u00ebr k\u00ebt\u00eb arsye ne nuk mund t\u00eb garantojm\u00eb sigurin\u00eb absolute t\u00eb t\u00eb dh\u00ebnave tuaja.<\/p>\n<p>T\u00eb drejtat tuaja: Ju keni t\u00eb drejt\u00eb t\u00eb k\u00ebrkoni akses, korrigjim ose fshirje t\u00eb t\u00eb dh\u00ebnave tuaja personale q\u00eb kemi p\u00ebr ju. Ju gjithashtu keni t\u00eb drejt\u00eb t\u00eb kufizoni p\u00ebrpunimin e t\u00eb dh\u00ebnave tuaja ose t\u00eb kund\u00ebrshtoni p\u00ebrpunimin e tyre n\u00eb situata t\u00eb caktuara. N\u00ebse d\u00ebshironi t\u00eb ushtroni ndonj\u00eb nga k\u00ebto t\u00eb drejta ose keni ndonj\u00eb pyetje n\u00eb lidhje me politik\u00ebn ton\u00eb t\u00eb privat\u00ebsis\u00eb, mund t\u00eb na kontaktoni me telefon n\u00eb <span>0038762321352<\/span> ose me e-mail n\u00eb <span>rezervacija@beadiniapartmani.ba.<\/span><\/p>\n<p>Cookies: Faqja e internetit <span>Beadini apartmani<\/span> mund t\u00eb p\u00ebrdor\u00eb cookie p\u00ebr t\u00eb p\u00ebrmir\u00ebsuar p\u00ebrvoj\u00ebn tuaj t\u00eb p\u00ebrdoruesit dhe p\u00ebr t\u00eb ofruar sh\u00ebrbime t\u00eb personalizuara. Cookies jan\u00eb skedar\u00eb t\u00eb vegj\u00ebl teksti q\u00eb ruhen n\u00eb pajisjen tuaj kur vizitoni nj\u00eb faqe interneti. Ato lejojn\u00eb faqen e internetit t\u00eb njoh\u00eb pajisjen tuaj dhe t\u00eb p\u00ebrshtatet me ju si p\u00ebrdorues.<\/p>\n<p>Faqja e internetit <span>Beadini apartmani<\/span> mund t\u00eb p\u00ebrdor\u00eb llojet e m\u00ebposhtme t\u00eb cookies:<\/p>\n<ol>\n<li>Cookies teknike: K\u00ebto cookie jan\u00eb t\u00eb nevojshme p\u00ebr funksionimin e duhur t\u00eb faqes n\u00eb internet. Ato ju lejojn\u00eb t\u00eb lundroni n\u00eb faqe, t\u00eb p\u00ebrdorni funksionalitetin dhe t\u00eb p\u00ebrdorni zonat e mbrojtura. Pa k\u00ebto cookie, faqja e internetit mund t\u00eb mos funksionoj\u00eb si\u00e7 duhet.<\/li>\n<li>Cookie analitike: K\u00ebto cookie mbledhin informacion anonim rreth m\u00ebnyr\u00ebs se si vizitor\u00ebt p\u00ebrdorin faqen e internetit. Ne e p\u00ebrdorim k\u00ebt\u00eb informacion p\u00ebr t\u00eb analizuar trafikun, p\u00ebr t\u00eb monitoruar performanc\u00ebn e faqes dhe p\u00ebr t\u00eb p\u00ebrmir\u00ebsuar p\u00ebrvoj\u00ebn e p\u00ebrdoruesit.<\/li>\n<li>Kuki t\u00eb pal\u00ebve t\u00eb treta: Faqja e internetit <span>Beadini apartmani<\/span> mund t\u00eb p\u00ebrdor\u00eb skedar\u00eb t\u00eb pal\u00ebve t\u00eb treta, t\u00eb tilla si rrjetet sociale dhe platformat e reklamave. K\u00ebto cookie ju lejojn\u00eb t\u00eb ndani p\u00ebrmbajtje n\u00eb rrjetet sociale dhe t\u00eb ofroni reklama p\u00ebrkat\u00ebse.<\/li>\n<\/ol>\n<p>Ju mund t\u00eb kontrolloni ose bllokoni cookies p\u00ebrmes cil\u00ebsimeve t\u00eb shfletuesit tuaj t\u00eb internetit. Megjithat\u00eb, ju lutemi vini re se bllokimi i cookies mund t\u00eb ndikoj\u00eb n\u00eb funksionalitetin e faqes s\u00eb internetit dhe p\u00ebrvoj\u00ebn tuaj t\u00eb p\u00ebrdoruesit.<\/p>\n<p>Ndryshimet e politik\u00ebs s\u00eb privat\u00ebsis\u00eb: <span>Apartamente Beadini<\/span><span> <\/span>rezervon t\u00eb drejt\u00ebn p\u00ebr t\u00eb ndryshuar k\u00ebt\u00eb politik\u00eb t\u00eb privat\u00ebsis\u00eb n\u00eb \u00e7do koh\u00eb. N\u00ebse b\u00ebjm\u00eb ndryshime t\u00eb r\u00ebnd\u00ebsishme, ne do t&#8217;ju njoftojm\u00eb duke postuar nj\u00eb politik\u00eb t\u00eb p\u00ebrdit\u00ebsuar t\u00eb privat\u00ebsis\u00eb n\u00eb faqen e internetit. Ne ju rekomandojm\u00eb q\u00eb ta kontrolloni k\u00ebt\u00eb faqe rregullisht p\u00ebr p\u00ebrdit\u00ebsime.<\/p>\n<p>Ju falenderojm\u00eb p\u00ebr besimin q\u00eb na keni treguar duke p\u00ebrdorur faqen e internetit <span>Beadini apartmani<\/span> .<\/p>\n<p>[\/et_pb_text][\/et_pb_column][\/et_pb_row][\/et_pb_section]<\/p>\n","protected":false},"excerpt":{"rendered":"<p>Politika e privat\u00ebsis\u00eb &nbsp; Data e hyrjes n\u00eb fuqi: 01.03.2025 Faleminderit q\u00eb vizituat faqen e internetit t\u00eb Beadini apartmani (n\u00eb tekstin e m\u00ebtejm\u00eb &#8220;faqja e internetit&#8221;). Si vizitor, privat\u00ebsia juaj dhe siguria e informacionit tuaj personal jan\u00eb jasht\u00ebzakonisht t\u00eb r\u00ebnd\u00ebsishme p\u00ebr ne. M\u00eb posht\u00eb do t&#8217;ju ofrojm\u00eb informacione rreth t\u00eb dh\u00ebnave q\u00eb mbledhim, si i [&hellip;]<\/p>\n","protected":false},"author":6,"featured_media":0,"parent":0,"menu_order":0,"comment_status":"closed","ping_status":"closed","template":"","meta":{"_et_pb_use_builder":"on","_et_pb_old_content":"","_et_gb_content_width":"","footnotes":""},"class_list":["post-36356","page","type-page","status-publish","hentry"],"_links":{"self":[{"href":"https:\/\/www.beadiniapartmani.ba\/sq\/wp-json\/wp\/v2\/pages\/36356","targetHints":{"allow":["GET"]}}],"collection":[{"href":"https:\/\/www.beadiniapartmani.ba\/sq\/wp-json\/wp\/v2\/pages"}],"about":[{"href":"https:\/\/www.beadiniapartmani.ba\/sq\/wp-json\/wp\/v2\/types\/page"}],"author":[{"embeddable":true,"href":"https:\/\/www.beadiniapartmani.ba\/sq\/wp-json\/wp\/v2\/users\/6"}],"replies":[{"embeddable":true,"href":"https:\/\/www.beadiniapartmani.ba\/sq\/wp-json\/wp\/v2\/comments?post=36356"}],"version-history":[{"count":2,"href":"https:\/\/www.beadiniapartmani.ba\/sq\/wp-json\/wp\/v2\/pages\/36356\/revisions"}],"predecessor-version":[{"id":36358,"href":"https:\/\/www.beadiniapartmani.ba\/sq\/wp-json\/wp\/v2\/pages\/36356\/revisions\/36358"}],"wp:attachment":[{"href":"https:\/\/www.beadiniapartmani.ba\/sq\/wp-json\/wp\/v2\/media?parent=36356"}],"curies":[{"name":"wp","href":"https:\/\/api.w.org\/{rel}","templated":true}]}}