{"id":36359,"date":"2025-02-23T01:01:13","date_gmt":"2025-02-22T23:01:13","guid":{"rendered":"https:\/\/www.beadiniapartmani.ba\/zbuloni-durresin\/"},"modified":"2025-04-24T23:34:00","modified_gmt":"2025-04-24T21:34:00","slug":"zbuloni-durresin","status":"publish","type":"page","link":"https:\/\/www.beadiniapartmani.ba\/sq\/zbuloni-durresin\/","title":{"rendered":"Zbuloni Durr\u00ebsin"},"content":{"rendered":"<p>[et_pb_section fb_built=&#8221;1&#8243; disabled_on=&#8221;off|off|off&#8221; _builder_version=&#8221;4.27.4&#8243; _module_preset=&#8221;default&#8221; background_color=&#8221;rgba(19,32,51,0.25)&#8221; background_image=&#8221;https:\/\/www.beadiniapartmani.ba\/wp-content\/uploads\/2025\/02\/Albanija-5.jpg&#8221; background_blend=&#8221;multiply&#8221; custom_padding=&#8221;||0px|||&#8221; global_colors_info=&#8221;{}&#8221;][et_pb_row _builder_version=&#8221;4.23.1&#8243; _module_preset=&#8221;default&#8221; module_alignment=&#8221;center&#8221; global_colors_info=&#8221;{}&#8221;][et_pb_column type=&#8221;4_4&#8243; _builder_version=&#8221;4.21.0&#8243; _module_preset=&#8221;default&#8221; global_colors_info=&#8221;{}&#8221;][et_pb_slider _builder_version=&#8221;4.27.4&#8243; _module_preset=&#8221;default&#8221; header_level=&#8221;h1&#8243; header_font=&#8221;|700|||||||&#8221; header_text_align=&#8221;left&#8221; header_font_size=&#8221;33px&#8221; body_font_size=&#8221;15px&#8221; background_color=&#8221;RGBA(255,255,255,0)&#8221; button_alignment=&#8221;left&#8221; custom_padding=&#8221;||||false|false&#8221; global_colors_info=&#8221;{}&#8221;][et_pb_slide heading=&#8221;\ud83c\udf0a Zbuloni Durr\u00ebsin \u2013 Perla e Adriatikut n\u00eb Shqip\u00ebri \ud83c\udfdd\ufe0f&#8221; button_link=&#8221;@ET-DC@eyJkeW5hbWljIjp0cnVlLCJjb250ZW50IjoicG9zdF9saW5rX3VybF9wYWdlIiwic2V0dGluZ3MiOnsicG9zdF9pZCI6IjM1MDAzIiwiZW5hYmxlX2h0bWwiOiJvZmYifX0=@&#8221; _builder_version=&#8221;4.27.4&#8243; _dynamic_attributes=&#8221;button_link&#8221; _module_preset=&#8221;default&#8221; header_level=&#8221;h1&#8243; header_font=&#8221;||||||||&#8221; header_text_align=&#8221;left&#8221; header_font_size=&#8221;27px&#8221; body_text_align=&#8221;left&#8221; custom_button=&#8221;on&#8221; button_text_color=&#8221;#FFFFFF&#8221; button_bg_color=&#8221;#0C71C3&#8243; global_colors_info=&#8221;{}&#8221; button_bg_color__hover_enabled=&#8221;on|hover&#8221; button_bg_color__hover=&#8221;#8300E9&#8243; button_bg_enable_color__hover=&#8221;on&#8221; sticky_transition=&#8221;on&#8221;]<\/p>\n<h3><\/h3>\n<p>[\/et_pb_slide][\/et_pb_slider][\/et_pb_column][\/et_pb_row][\/et_pb_section][et_pb_section fb_built=&#8221;1&#8243; admin_label=&#8221;About Us&#8221; _builder_version=&#8221;4.24.0&#8243; custom_padding=&#8221;15px|0px|0|0px|false|false&#8221; global_colors_info=&#8221;{}&#8221;][et_pb_row _builder_version=&#8221;4.24.3&#8243; max_width=&#8221;1230px&#8221; global_colors_info=&#8221;{}&#8221;][et_pb_column type=&#8221;4_4&#8243; _builder_version=&#8221;4.23.1&#8243; custom_padding=&#8221;|||&#8221; global_colors_info=&#8221;{}&#8221; custom_padding__hover=&#8221;|||&#8221;][et_pb_text _builder_version=&#8221;4.27.4&#8243; text_font=&#8221;||||||||&#8221; text_font_size=&#8221;15px&#8221; text_line_height=&#8221;2em&#8221; ul_font=&#8221;|700|||||||&#8221; ul_line_height=&#8221;2em&#8221; ol_font=&#8221;||||||||&#8221; header_font=&#8221;||||||||&#8221; header_2_font=&#8221;|700|||||||&#8221; header_2_font_size=&#8221;24px&#8221; header_2_line_height=&#8221;1.4em&#8221; header_3_font=&#8221;||||||||&#8221; header_4_font=&#8221;||||||||&#8221; header_5_font=&#8221;|600|||||||&#8221; header_5_font_size=&#8221;23px&#8221; header_6_font=&#8221;||||||||&#8221; header_2_font_size_tablet=&#8221;&#8221; header_2_font_size_phone=&#8221;24px&#8221; header_2_font_size_last_edited=&#8221;on|phone&#8221; global_colors_info=&#8221;{}&#8221;]<\/p>\n<p data-start=\"112\" data-end=\"338\">Durr\u00ebsi (Shqip: <strong data-start=\"128\" data-end=\"138\">Durr\u00ebs<\/strong> ) \u00ebsht\u00eb nj\u00eb nga qytetet m\u00eb t\u00eb vjetra dhe m\u00eb t\u00eb r\u00ebnd\u00ebsishme n\u00eb Shqip\u00ebri \ud83c\udf0d . I vendosur n\u00eb bregdetin e Adriatikut, vet\u00ebm <strong>26 km n\u00eb per\u00ebndim t\u00eb Tiran\u00ebs<\/strong> , Durr\u00ebsi \u00ebsht\u00eb sot <strong data-start=\"287\" data-end=\"332\">nj\u00eb qend\u00ebr turistike dhe porti m\u00eb i madh n\u00eb vend<\/strong> \ud83d\udea2 <\/p>\n<h2 data-start=\"340\" data-end=\"369\">\ud83d\udcdc Historia e pasur e Durresit<\/h2>\n<p data-start=\"370\" data-end=\"722\">Ky qytet ka nj\u00eb histori m\u00eb shum\u00eb se <strong data-start=\"406\" data-end=\"422\">2500 vje\u00e7are<\/strong> ! \ud83c\udfdb\ufe0f I themeluar n\u00eb koh\u00ebt e lashta, Durr\u00ebsi ishte nj\u00eb pik\u00eb ky\u00e7e gjat\u00eb koh\u00ebs <strong data-start=\"492\" data-end=\"514\">s\u00eb Greqis\u00eb dhe Rom\u00ebs antike<\/strong> . Monumenti historik m\u00eb i famsh\u00ebm \u00ebsht\u00eb <strong data-start=\"552\" data-end=\"573\">amfiteatri romak<\/strong> <strong data-start=\"577\" data-end=\"592\">i shekullit t\u00eb 2-t\u00eb<\/strong> , nj\u00eb nga m\u00eb t\u00eb m\u00ebdhenjt\u00eb n\u00eb Ballkan \ud83c\udfad . Gjat\u00eb historis\u00eb, qyteti u sundua nga <strong data-start=\"665\" data-end=\"719\">Perandoria Bizantine, Republika Veneciane dhe Perandoria Osmane<\/strong> .  <\/p>\n<p data-start=\"724\" data-end=\"813\">Interesante, Durr\u00ebsi ishte <strong data-start=\"753\" data-end=\"805\">kryeqyteti i par\u00eb i Shqip\u00ebris\u00eb s\u00eb pavarur (1912-1920)<\/strong> \ud83c\udde6\ud83c\uddf1 .<\/p>\n<h2 data-start=\"815\" data-end=\"865\">\ud83c\udf1e Durr\u00ebsi sot \u2013 destinacioni perfekt i pushimeve<\/h2>\n<p data-start=\"866\" data-end=\"1129\">Sot, Durr\u00ebsi \u00ebsht\u00eb <strong data-start=\"880\" data-end=\"906\">nj\u00eb vendpushim veror i njohur<\/strong> me <strong data-start=\"920\" data-end=\"985\">plazhe t\u00eb bukura me r\u00ebr\u00eb, hotele moderne dhe nj\u00eb ofert\u00eb t\u00eb pasur gastronomike<\/strong> \ud83c\udf7d\ufe0f . \u00cbsht\u00eb ve\u00e7an\u00ebrisht i famsh\u00ebm p\u00ebr <strong data-start=\"1012\" data-end=\"1039\">specialitetet e tij t\u00eb detit<\/strong> , ku mund t\u00eb shijoni peshk t\u00eb fresk\u00ebt, kallamar dhe oktapod direkt nga Adriatiku \ud83e\udd91 \ud83d\udc1f . <\/p>\n<p data-start=\"1131\" data-end=\"1411\">Sh\u00ebtitorja bregdetare e quajtur <strong data-start=\"1157\" data-end=\"1167\">Vollga<\/strong> \u00ebsht\u00eb nj\u00eb vend ideal p\u00ebr t&#8217;u \u00e7lodhur buz\u00eb detit \ud83c\udf05 . <strong data-start=\"1212\" data-end=\"1246\">Af\u00ebrsia e aeroportit nd\u00ebrkomb\u00ebtar<\/strong> mund\u00ebson mb\u00ebrritjen e shpejt\u00eb t\u00eb turist\u00ebve nga e gjith\u00eb bota \u2708\ufe0f . Gjithashtu, tragetet ditore lidhin Durr\u00ebsin me <strong data-start=\"1345\" data-end=\"1357\">Italin\u00eb<\/strong> , duke e b\u00ebr\u00eb at\u00eb t\u00ebrheq\u00ebs p\u00ebr udh\u00ebtar\u00ebt nga Evropa \u26f4\ufe0f . <\/p>\n<h2 data-start=\"1413\" data-end=\"1441\">\u2728 Pse t\u00eb vizitoni Durr\u00ebsin?<\/h2>\n<p data-start=\"1442\" data-end=\"1626\">\u2714 <strong data-start=\"1444\" data-end=\"1476\">Plazhe t\u00eb bukura dhe klim\u00eb e ngroht\u00eb<\/strong> \u2600\ufe0f<br data-start=\"1479\" data-end=\"1482\"> \u2714 <strong data-start=\"1484\" data-end=\"1527\">Histori e pasur dhe monumente magjeps\u00ebse<\/strong> \ud83c\udffa<br data-start=\"1530\" data-end=\"1533\"> \u2714 <strong data-start=\"1535\" data-end=\"1575\">Ushqim i mrekulluesh\u00ebm dhe kuzhina mesdhetare<\/strong> \ud83c\udf77<br data-start=\"1578\" data-end=\"1581\"> \u2714 <strong data-start=\"1583\" data-end=\"1620\">Leht\u00eb i aksesuesh\u00ebm nga Tirana dhe Italia<\/strong> \ud83d\udef3\ufe0f<\/p>\n<p data-start=\"1628\" data-end=\"1720\">N\u00ebse po planifikoni nj\u00eb udh\u00ebtim n\u00eb Shqip\u00ebri, <strong data-start=\"1663\" data-end=\"1713\">Durr\u00ebsi \u00ebsht\u00eb nj\u00eb destinacion q\u00eb nuk duhet ta humbisni!<\/strong> \ud83c\udf92 \ud83d\udc99<\/p>\n<p>[\/et_pb_text][\/et_pb_column][\/et_pb_row][\/et_pb_section][et_pb_section fb_built=&#8221;1&#8243; _builder_version=&#8221;4.27.0&#8243; background_color=&#8221;#FFFFFF&#8221; saved_tabs=&#8221;all&#8221; global_colors_info=&#8221;{}&#8221;][et_pb_row _builder_version=&#8221;4.27.0&#8243; _module_preset=&#8221;default&#8221; max_width=&#8221;1280px&#8221; custom_margin=&#8221;-34px||||false|false&#8221; global_colors_info=&#8221;{}&#8221; width__hover_enabled=&#8221;on|desktop&#8221;][et_pb_column type=&#8221;4_4&#8243; _builder_version=&#8221;4.18.0&#8243; _module_preset=&#8221;default&#8221; global_colors_info=&#8221;{}&#8221;][et_pb_gallery gallery_ids=&#8221;36596,36600,36604,36608,36612,36616&#8243; posts_number=&#8221;28&#8243; show_title_and_caption=&#8221;off&#8221; show_pagination=&#8221;off&#8221; hover_overlay_color=&#8221;rgba(255,255,255,0.32)&#8221; _builder_version=&#8221;4.27.4&#8243; _module_preset=&#8221;default&#8221; hover_enabled=&#8221;0&#8243; global_colors_info=&#8221;{}&#8221; sticky_enabled=&#8221;0&#8243;][\/et_pb_gallery][\/et_pb_column][\/et_pb_row][\/et_pb_section]<\/p>\n","protected":false},"excerpt":{"rendered":"<p>Durr\u00ebsi (Shqip: Durr\u00ebs ) \u00ebsht\u00eb nj\u00eb nga qytetet m\u00eb t\u00eb vjetra dhe m\u00eb t\u00eb r\u00ebnd\u00ebsishme n\u00eb Shqip\u00ebri \ud83c\udf0d . I vendosur n\u00eb bregdetin e Adriatikut, vet\u00ebm 26 km n\u00eb per\u00ebndim t\u00eb Tiran\u00ebs , Durr\u00ebsi \u00ebsht\u00eb sot nj\u00eb qend\u00ebr turistike dhe porti m\u00eb i madh n\u00eb vend \ud83d\udea2 \ud83d\udcdc Historia e pasur e Durresit Ky qytet [&hellip;]<\/p>\n","protected":false},"author":6,"featured_media":0,"parent":0,"menu_order":0,"comment_status":"closed","ping_status":"closed","template":"","meta":{"_et_pb_use_builder":"on","_et_pb_old_content":"","_et_gb_content_width":"","footnotes":""},"class_list":["post-36359","page","type-page","status-publish","hentry"],"_links":{"self":[{"href":"https:\/\/www.beadiniapartmani.ba\/sq\/wp-json\/wp\/v2\/pages\/36359","targetHints":{"allow":["GET"]}}],"collection":[{"href":"https:\/\/www.beadiniapartmani.ba\/sq\/wp-json\/wp\/v2\/pages"}],"about":[{"href":"https:\/\/www.beadiniapartmani.ba\/sq\/wp-json\/wp\/v2\/types\/page"}],"author":[{"embeddable":true,"href":"https:\/\/www.beadiniapartmani.ba\/sq\/wp-json\/wp\/v2\/users\/6"}],"replies":[{"embeddable":true,"href":"https:\/\/www.beadiniapartmani.ba\/sq\/wp-json\/wp\/v2\/comments?post=36359"}],"version-history":[{"count":5,"href":"https:\/\/www.beadiniapartmani.ba\/sq\/wp-json\/wp\/v2\/pages\/36359\/revisions"}],"predecessor-version":[{"id":36623,"href":"https:\/\/www.beadiniapartmani.ba\/sq\/wp-json\/wp\/v2\/pages\/36359\/revisions\/36623"}],"wp:attachment":[{"href":"https:\/\/www.beadiniapartmani.ba\/sq\/wp-json\/wp\/v2\/media?parent=36359"}],"curies":[{"name":"wp","href":"https:\/\/api.w.org\/{rel}","templated":true}]}}