{"id":36362,"date":"2024-04-03T09:31:09","date_gmt":"2024-04-03T07:31:09","guid":{"rendered":"https:\/\/www.beadiniapartmani.ba\/zbuloni-ulqinin\/"},"modified":"2025-03-07T17:42:49","modified_gmt":"2025-03-07T15:42:49","slug":"zbuloni-ulqinin","status":"publish","type":"page","link":"https:\/\/www.beadiniapartmani.ba\/sq\/zbuloni-ulqinin\/","title":{"rendered":"Zbuloni Ulqinin"},"content":{"rendered":"<p>[et_pb_section fb_built=&#8221;1&#8243; disabled_on=&#8221;off|off|off&#8221; _builder_version=&#8221;4.27.4&#8243; _module_preset=&#8221;default&#8221; background_color=&#8221;rgba(19,32,51,0.25)&#8221; background_image=&#8221;https:\/\/www.beadiniapartmani.ba\/wp-content\/uploads\/2025\/02\/Iznajmljivanje-apartmana-u-Crnoj-Gori-u-Ulcinju-Beadini-apartmani.png&#8221; background_blend=&#8221;multiply&#8221; custom_padding=&#8221;||0px|||&#8221; global_colors_info=&#8221;{}&#8221;][et_pb_row _builder_version=&#8221;4.23.1&#8243; _module_preset=&#8221;default&#8221; module_alignment=&#8221;center&#8221; global_colors_info=&#8221;{}&#8221;][et_pb_column type=&#8221;4_4&#8243; _builder_version=&#8221;4.21.0&#8243; _module_preset=&#8221;default&#8221; global_colors_info=&#8221;{}&#8221;][et_pb_slider _builder_version=&#8221;4.27.4&#8243; _module_preset=&#8221;default&#8221; header_level=&#8221;h1&#8243; header_font=&#8221;|700|||||||&#8221; header_text_align=&#8221;left&#8221; header_font_size=&#8221;33px&#8221; body_font_size=&#8221;15px&#8221; background_color=&#8221;RGBA(255,255,255,0)&#8221; button_alignment=&#8221;left&#8221; custom_padding=&#8221;||||false|false&#8221; global_colors_info=&#8221;{}&#8221;][et_pb_slide heading=&#8221;\ud83c\udf0a Zbuloni Ulqinin \u2013 Xhevahirin e Bregdetit Malazez \ud83c\udfdd\ufe0f&#8221; button_link=&#8221;@ET-DC@eyJkeW5hbWljIjp0cnVlLCJjb250ZW50IjoicG9zdF9saW5rX3VybF9wYWdlIiwic2V0dGluZ3MiOnsicG9zdF9pZCI6IjM1MDAzIn19@&#8221; _builder_version=&#8221;4.27.4&#8243; _dynamic_attributes=&#8221;button_link&#8221; _module_preset=&#8221;default&#8221; header_level=&#8221;h1&#8243; header_font=&#8221;||||||||&#8221; header_text_align=&#8221;left&#8221; header_font_size=&#8221;27px&#8221; body_text_align=&#8221;left&#8221; custom_button=&#8221;on&#8221; button_text_color=&#8221;#FFFFFF&#8221; button_bg_color=&#8221;#0C71C3&#8243; global_colors_info=&#8221;{}&#8221; button_bg_color__hover_enabled=&#8221;on|hover&#8221; button_bg_color__hover=&#8221;#8300E9&#8243; button_bg_enable_color__hover=&#8221;on&#8221; sticky_transition=&#8221;on&#8221;][\/et_pb_slide][\/et_pb_slider][\/et_pb_column][\/et_pb_row][\/et_pb_section][et_pb_section fb_built=&#8221;1&#8243; admin_label=&#8221;About Us&#8221; _builder_version=&#8221;4.24.0&#8243; custom_padding=&#8221;15px|0px|0|0px|false|false&#8221; global_colors_info=&#8221;{}&#8221;][et_pb_row _builder_version=&#8221;4.24.3&#8243; max_width=&#8221;1230px&#8221; global_colors_info=&#8221;{}&#8221;][et_pb_column type=&#8221;4_4&#8243; _builder_version=&#8221;4.23.1&#8243; custom_padding=&#8221;|||&#8221; global_colors_info=&#8221;{}&#8221; custom_padding__hover=&#8221;|||&#8221;][et_pb_text _builder_version=&#8221;4.27.4&#8243; text_font=&#8221;||||||||&#8221; text_font_size=&#8221;15px&#8221; text_line_height=&#8221;2em&#8221; ul_font=&#8221;|700|||||||&#8221; ul_line_height=&#8221;2em&#8221; ol_font=&#8221;||||||||&#8221; header_font=&#8221;||||||||&#8221; header_2_font=&#8221;|700|||||||&#8221; header_2_font_size=&#8221;24px&#8221; header_2_line_height=&#8221;1.4em&#8221; header_3_font=&#8221;||||||||&#8221; header_4_font=&#8221;||||||||&#8221; header_5_font=&#8221;|600|||||||&#8221; header_5_font_size=&#8221;23px&#8221; header_6_font=&#8221;||||||||&#8221; header_2_font_size_tablet=&#8221;&#8221; header_2_font_size_phone=&#8221;24px&#8221; header_2_font_size_last_edited=&#8221;on|phone&#8221; global_colors_info=&#8221;{}&#8221;]<\/p>\n<p data-start=\"117\" data-end=\"348\">Ulqini \u00ebsht\u00eb <strong data-start=\"127\" data-end=\"156\">qyteti m\u00eb jugor n\u00eb Mal t\u00eb Zi<\/strong> , i njohur p\u00ebr <strong data-start=\"168\" data-end=\"236\">plazhet e tij t\u00eb gjata me r\u00ebr\u00eb, historin\u00eb e pasur dhe atmosfer\u00ebn ekzotike<\/strong> \ud83c\udf05 . Ky qytet, mbi <strong data-start=\"263\" data-end=\"279\">2500 vje\u00e7ar<\/strong> , ishte sht\u00ebpia <strong data-start=\"292\" data-end=\"343\">e ilir\u00ebve, grek\u00ebve, romak\u00ebve, venecian\u00ebve, turqve dhe pirat\u00ebve<\/strong> \u2693 . <\/p>\n<h2 data-start=\"350\" data-end=\"400\">\ud83d\udcdc Qyteti i Vjet\u00ebr Ulqini \u2013 Nj\u00eb udh\u00ebtim n\u00ebp\u00ebr koh\u00eb<\/h2>\n<p data-start=\"401\" data-end=\"612\">Nj\u00eb nga atraksionet kryesore t\u00eb Ulqinit \u00ebsht\u00eb <strong data-start=\"439\" data-end=\"453\">Qyteti i Vjet\u00ebr<\/strong> , i rrethuar me <strong data-start=\"471\" data-end=\"494\">mure masive ciklopike<\/strong> \ud83c\udff0 . Mund t&#8217;i afroheni nga ana verilindore ose <strong data-start=\"544\" data-end=\"563\">direkt nga deti<\/strong> , ashtu si\u00e7 b\u00ebnin pirat\u00ebt! \ud83c\udff4\u200d\u2620\ufe0f  <\/p>\n<p data-start=\"614\" data-end=\"944\">Sheshi m\u00eb i famsh\u00ebm n\u00eb Qytetin e Vjet\u00ebr \u00ebsht\u00eb <strong data-start=\"649\" data-end=\"663\">Sheshi Slave<\/strong> , vendi ku <strong data-start=\"680\" data-end=\"713\">pirat\u00ebt shisnin t\u00eb burgosur<\/strong> . Legjenda thot\u00eb se <strong data-start=\"736\" data-end=\"758\">Miguel de Cervantes<\/strong> , autori <strong data-start=\"766\" data-end=\"780\">i Don Kishotit<\/strong> , kaloi <strong data-start=\"789\" data-end=\"828\">pes\u00eb vjet n\u00eb rob\u00ebri n\u00eb Ulqin<\/strong> \u270d\ufe0f . I frym\u00ebzuar nga qyteti, ai e quajti heroin\u00ebn e tij <strong data-start=\"882\" data-end=\"894\">Dul\u0107inea<\/strong> , sipas emrit t\u00eb at\u00ebhersh\u00ebm Ulqini \u2013 <strong data-start=\"928\" data-end=\"941\">Dul\u0107inium<\/strong> .  <\/p>\n<h2 data-start=\"946\" data-end=\"979\">\ud83c\udfdb\ufe0f Thesaret historike t\u00eb Ulqinit<\/h2>\n<p data-start=\"980\" data-end=\"1485\">\ud83d\udccd <strong data-start=\"983\" data-end=\"1000\">Muzeu i Qytetit<\/strong> &#8211; Nj\u00eb kompleks prej tre nd\u00ebrtesash q\u00eb ruajn\u00eb trash\u00ebgimin\u00eb ilire, greke, romake dhe osmane.<br data-start=\"1201\" data-end=\"1204\"> \ud83d\udccd <strong data-start=\"1207\" data-end=\"1235\">Kulla e Balshiqit (shek. XII)<\/strong> \u2013 P\u00ebrdoret p\u00ebr ekspozita arti, dhe reformatori i famsh\u00ebm hebre <strong data-start=\"1326\" data-end=\"1342\">Sebataj Sebi<\/strong> dikur u lut atje \ud83d\udd4d .<br data-start=\"1346\" data-end=\"1349\"> \ud83d\udccd <strong data-start=\"1352\" data-end=\"1371\">Palazzo Venezia<\/strong> \u2013 Ish rezidenca e guvernator\u00ebve venecian\u00eb.<br data-start=\"1421\" data-end=\"1424\"> \ud83d\udccd <strong data-start=\"1427\" data-end=\"1444\">Pallatet e Balshiqit<\/strong> \u2013 Sht\u00ebpia e ish sundimtar\u00ebve malazez\u00eb.<\/p>\n<h2 data-start=\"1487\" data-end=\"1524\">\ud83c\udf1e Ulqini sot \u2013 Parajsa p\u00ebr turist\u00ebt<\/h2>\n<p data-start=\"1525\" data-end=\"1802\">Ulqini \u00ebsht\u00eb <strong data-start=\"1535\" data-end=\"1553\">nj\u00eb parajs\u00eb turistike<\/strong> me <strong data-start=\"1557\" data-end=\"1583\">22 km plazhe t\u00eb bukura<\/strong> , m\u00eb i famshmi prej t\u00eb cil\u00ebve \u00ebsht\u00eb <strong data-start=\"1610\" data-end=\"1626\">Velika Plaza<\/strong> &#8211; plazhi m\u00eb i gjat\u00eb me r\u00ebr\u00eb n\u00eb Adriatik \ud83c\udfd6\ufe0f . Aty ndodhet edhe e famshmja <strong data-start=\"1683\" data-end=\"1697\">Ada Bojana<\/strong> , nj\u00eb ishull i formuar n\u00eb gryk\u00ebderdhjen e lumit Bojana, i njohur p\u00ebr per\u00ebndimet e bukura t\u00eb diellit dhe atmosfer\u00ebn e relaksuar \ud83c\udf05 . <\/p>\n<p data-start=\"1804\" data-end=\"1962\">Krahas bukuris\u00eb natyrore, Ulqini ofron <strong data-start=\"1840\" data-end=\"1888\">kuzhin\u00eb autentike malazeze dhe mesdhetare<\/strong> , ve\u00e7an\u00ebrisht <strong data-start=\"1898\" data-end=\"1955\">peshk t\u00eb fresk\u00ebt, ushqim deti dhe specialitete t\u00eb pjekura n\u00eb skar\u00eb<\/strong> \ud83c\udf7d\ufe0f .<\/p>\n<h2 data-start=\"1964\" data-end=\"1994\">\u2728 Pse ta vizitoni Ulqinin?<\/h2>\n<p data-start=\"1995\" data-end=\"2211\">\u2714 <strong data-start=\"1997\" data-end=\"2043\">Plazhe t\u00eb gjata me r\u00ebr\u00eb dhe det i kristalt\u00eb<\/strong> \ud83c\udfdd\ufe0f<br data-start=\"2047\" data-end=\"2050\"> \u2714 <strong data-start=\"2052\" data-end=\"2086\">Histori dhe kultur\u00eb magjeps\u00ebse<\/strong> \ud83c\udfdb\ufe0f<br data-start=\"2090\" data-end=\"2093\"> \u2714 <strong data-start=\"2095\" data-end=\"2134\">Ushqime t\u00eb shijshme dhe specialitete deti<\/strong> \ud83e\udd91 \ud83d\udc1f<br data-start=\"2139\" data-end=\"2142\"> \u2714 <strong data-start=\"2144\" data-end=\"2206\">Relaksohuni me Ada Bojana dhe p\u00ebrjetoni per\u00ebndimet magjike<\/strong> \ud83c\udf05<\/p>\n<p data-start=\"2213\" data-end=\"2335\">N\u00ebse jeni duke k\u00ebrkuar p\u00ebr <strong data-start=\"2225\" data-end=\"2300\">nj\u00eb destinacion q\u00eb nd\u00ebrthur historin\u00eb, bukurin\u00eb natyrore dhe nj\u00eb atmosfer\u00eb ekzotike<\/strong> , <strong data-start=\"2302\" data-end=\"2328\">Ulqini \u00ebsht\u00eb zgjedhja e duhur!<\/strong> \ud83c\udf92 \ud83d\udc99<\/p>\n<p>[\/et_pb_text][\/et_pb_column][\/et_pb_row][\/et_pb_section][et_pb_section fb_built=&#8221;1&#8243; _builder_version=&#8221;4.27.0&#8243; background_color=&#8221;#FFFFFF&#8221; saved_tabs=&#8221;all&#8221; global_colors_info=&#8221;{}&#8221;][et_pb_row _builder_version=&#8221;4.27.0&#8243; _module_preset=&#8221;default&#8221; max_width=&#8221;1280px&#8221; custom_margin=&#8221;-34px||||false|false&#8221; global_colors_info=&#8221;{}&#8221; width__hover_enabled=&#8221;on|desktop&#8221;][et_pb_column type=&#8221;4_4&#8243; _builder_version=&#8221;4.18.0&#8243; _module_preset=&#8221;default&#8221; global_colors_info=&#8221;{}&#8221;][et_pb_gallery gallery_ids=&#8221;35880,36187,36182,36199&#8243; posts_number=&#8221;28&#8243; show_title_and_caption=&#8221;off&#8221; show_pagination=&#8221;off&#8221; hover_overlay_color=&#8221;rgba(255,255,255,0.32)&#8221; _builder_version=&#8221;4.27.4&#8243; _module_preset=&#8221;default&#8221; global_colors_info=&#8221;{}&#8221;][\/et_pb_gallery][\/et_pb_column][\/et_pb_row][\/et_pb_section]<\/p>\n","protected":false},"excerpt":{"rendered":"<p>Ulqini \u00ebsht\u00eb qyteti m\u00eb jugor n\u00eb Mal t\u00eb Zi , i njohur p\u00ebr plazhet e tij t\u00eb gjata me r\u00ebr\u00eb, historin\u00eb e pasur dhe atmosfer\u00ebn ekzotike \ud83c\udf05 . Ky qytet, mbi 2500 vje\u00e7ar , ishte sht\u00ebpia e ilir\u00ebve, grek\u00ebve, romak\u00ebve, venecian\u00ebve, turqve dhe pirat\u00ebve \u2693 . \ud83d\udcdc Qyteti i Vjet\u00ebr Ulqini \u2013 Nj\u00eb udh\u00ebtim n\u00ebp\u00ebr [&hellip;]<\/p>\n","protected":false},"author":6,"featured_media":0,"parent":0,"menu_order":0,"comment_status":"closed","ping_status":"closed","template":"","meta":{"_et_pb_use_builder":"on","_et_pb_old_content":"","_et_gb_content_width":"","footnotes":""},"class_list":["post-36362","page","type-page","status-publish","hentry"],"_links":{"self":[{"href":"https:\/\/www.beadiniapartmani.ba\/sq\/wp-json\/wp\/v2\/pages\/36362","targetHints":{"allow":["GET"]}}],"collection":[{"href":"https:\/\/www.beadiniapartmani.ba\/sq\/wp-json\/wp\/v2\/pages"}],"about":[{"href":"https:\/\/www.beadiniapartmani.ba\/sq\/wp-json\/wp\/v2\/types\/page"}],"author":[{"embeddable":true,"href":"https:\/\/www.beadiniapartmani.ba\/sq\/wp-json\/wp\/v2\/users\/6"}],"replies":[{"embeddable":true,"href":"https:\/\/www.beadiniapartmani.ba\/sq\/wp-json\/wp\/v2\/comments?post=36362"}],"version-history":[{"count":2,"href":"https:\/\/www.beadiniapartmani.ba\/sq\/wp-json\/wp\/v2\/pages\/36362\/revisions"}],"predecessor-version":[{"id":36364,"href":"https:\/\/www.beadiniapartmani.ba\/sq\/wp-json\/wp\/v2\/pages\/36362\/revisions\/36364"}],"wp:attachment":[{"href":"https:\/\/www.beadiniapartmani.ba\/sq\/wp-json\/wp\/v2\/media?parent=36362"}],"curies":[{"name":"wp","href":"https:\/\/api.w.org\/{rel}","templated":true}]}}