{"id":36365,"date":"2022-08-28T22:46:40","date_gmt":"2022-08-28T20:46:40","guid":{"rendered":"https:\/\/www.beadiniapartmani.ba\/kushtet-e-perdorimit\/"},"modified":"2025-03-07T17:43:11","modified_gmt":"2025-03-07T15:43:11","slug":"kushtet-e-perdorimit","status":"publish","type":"page","link":"https:\/\/www.beadiniapartmani.ba\/sq\/kushtet-e-perdorimit\/","title":{"rendered":"Kushtet e p\u00ebrdorimit"},"content":{"rendered":"<p>[et_pb_section fb_built=&#8221;1&#8243; _builder_version=&#8221;4.19.1&#8243; background_color=&#8221;#ededed&#8221; global_colors_info=&#8221;{}&#8221;][et_pb_row _builder_version=&#8221;4.21.0&#8243; background_size=&#8221;initial&#8221; background_position=&#8221;top_left&#8221; background_repeat=&#8221;repeat&#8221; max_width=&#8221;1440px&#8221; global_colors_info=&#8221;{}&#8221;][et_pb_column type=&#8221;4_4&#8243; _builder_version=&#8221;4.16&#8243; custom_padding=&#8221;|||&#8221; global_colors_info=&#8221;{}&#8221; custom_padding__hover=&#8221;|||&#8221;][et_pb_text _builder_version=&#8221;4.27.4&#8243; header_text_align=&#8221;center&#8221; background_size=&#8221;initial&#8221; background_position=&#8221;top_left&#8221; background_repeat=&#8221;repeat&#8221; hover_enabled=&#8221;0&#8243; global_colors_info=&#8221;{}&#8221; sticky_enabled=&#8221;0&#8243;]<\/p>\n<h1 style=\"margin-left: 0cm;\"><span style=\"color: #2b2d2f;\">Kushtet e p\u00ebrdorimit<\/span><\/h1>\n<p><span lang=\"DE\" style=\"color: #2b2d2f;\"><\/span><\/p>\n<p>Data e hyrjes n\u00eb fuqi: 01. Mars 2025<\/p>\n<div class=\"group w-full text-gray-800 dark:text-gray-100 border-b border-black\/10 dark:border-gray-900\/50 bg-gray-50 dark:bg-[#444654]\">\n<div class=\"flex p-4 gap-4 text-base md:gap-6 md:max-w-2xl lg:max-w-xl xl:max-w-3xl md:py-6 lg:px-0 m-auto\">\n<div class=\"relative flex w-[calc(100%-50px)] flex-col gap-1 md:gap-3 lg:w-[calc(100%-115px)]\">\n<div class=\"flex flex-grow flex-col gap-3\">\n<div class=\"min-h-[20px] flex flex-col items-start gap-4 whitespace-pre-wrap break-words\">\n<div class=\"markdown prose w-full break-words dark:prose-invert light\">\n<p>Ju lutemi lexoni me kujdes kushtet e m\u00ebposhtme t\u00eb p\u00ebrdorimit t\u00eb faqes s\u00eb internetit <span>Beadini apartmani<\/span> (n\u00eb tekstin e m\u00ebtejm\u00eb &#8220;faqja e internetit&#8221;). Duke p\u00ebrdorur k\u00ebt\u00eb faqe interneti, ju pranoni se i keni lexuar, kuptuar dhe pranuar k\u00ebto kushte n\u00eb t\u00ebr\u00ebsin\u00eb e tyre. N\u00ebse nuk jeni dakord me kushtet e p\u00ebrdorimit, ju lutemi ndaloni s\u00eb p\u00ebrdoruri faqen e internetit.<\/p>\n<ol>\n<li>Pron\u00ebsia intelektuale: P\u00ebrmbajtja e faqes s\u00eb internetit <span>Beadini apartmani<\/span> , duke p\u00ebrfshir\u00eb tekstet, grafik\u00ebt, logot, imazhet, materialet audio dhe video, mbrohen nga t\u00eb drejtat e autorit dhe ligjet e tjera t\u00eb pron\u00ebsis\u00eb intelektuale. P\u00ebrdorimi, riprodhimi, shp\u00ebrndarja ose modifikimi i paautorizuar i p\u00ebrmbajtjes s\u00eb faqes s\u00eb internetit pa lejen paraprake me shkrim <span>t\u00eb Beadini Apartments<\/span> \u00ebsht\u00eb rrept\u00ebsisht i ndaluar.<\/li>\n<li>Informacioni dhe p\u00ebrgjegj\u00ebsia: Informacioni n\u00eb faqen e internetit <span>Beadini apartmani<\/span> ofrohet n\u00eb mir\u00ebbesim dhe p\u00ebr q\u00ebllime t\u00eb p\u00ebrgjithshme informacioni. <span>Beadini apartmani<\/span> nuk mban asnj\u00eb p\u00ebrgjegj\u00ebsi p\u00ebr sakt\u00ebsin\u00eb, plot\u00ebsin\u00eb ose p\u00ebrdit\u00ebsimin e k\u00ebtij informacioni. P\u00ebrdorimi i informacionit nga faqja e internetit \u00ebsht\u00eb n\u00eb rrezik t\u00eb vet\u00eb p\u00ebrdoruesit. <span>Beadini apartmani<\/span> nuk do t\u00eb jet\u00eb p\u00ebrgjegj\u00ebs p\u00ebr ndonj\u00eb d\u00ebm ose humbje q\u00eb vjen nga p\u00ebrdorimi ose pamund\u00ebsia p\u00ebr t\u00eb p\u00ebrdorur faqen e internetit.<\/li>\n<li>Faqet e internetit t\u00eb ngjashme: Faqja e internetit <span>Beadini apartmani<\/span> mund t\u00eb p\u00ebrmbaj\u00eb lidhje ose referenca p\u00ebr faqet e tjera t\u00eb internetit q\u00eb jan\u00eb jasht\u00eb kontrollit ton\u00eb. <span>Beadini apartmani<\/span> nuk mban p\u00ebrgjegj\u00ebsi p\u00ebr p\u00ebrmbajtjen, sigurin\u00eb ose privat\u00ebsin\u00eb e atyre faqeve t\u00eb internetit. P\u00ebrdorimi i faqeve t\u00eb internetit t\u00eb lidhura \u00ebsht\u00eb n\u00eb rrezik t\u00eb vet\u00eb p\u00ebrdoruesit.<\/li>\n<li>Mohim p\u00ebrgjegj\u00ebsie: T\u00eb gjitha informacionet n\u00eb faqen e internetit <span>t\u00eb Beadini apartmani<\/span> ofrohen &#8220;si\u00e7 \u00ebsht\u00eb&#8221; pa asnj\u00eb garanci, t\u00eb shprehur apo t\u00eb n\u00ebnkuptuar. <span>Beadini apartmani<\/span> nuk b\u00ebn asnj\u00eb p\u00ebrfaq\u00ebsim ose garanci t\u00eb \u00e7far\u00ebdo lloji n\u00eb lidhje me faqen e internetit, duke p\u00ebrfshir\u00eb, por pa u kufizuar n\u00eb, garancit\u00eb e sakt\u00ebsis\u00eb, besueshm\u00ebris\u00eb ose p\u00ebrshtatshm\u00ebris\u00eb p\u00ebr nj\u00eb q\u00ebllim t\u00eb caktuar.<\/li>\n<li>Ndryshimet dhe Nd\u00ebrprerja e Sh\u00ebrbimeve: <span>Beadini apartmani<\/span> rezervon t\u00eb drejt\u00ebn t\u00eb ndryshoj\u00eb, p\u00ebrdit\u00ebsoj\u00eb ose nd\u00ebrpres\u00eb ofrimin e sh\u00ebrbimeve n\u00eb faqen e internetit n\u00eb \u00e7do koh\u00eb dhe pa njoftim paraprak. <span>Beadini Apartments<\/span> nuk do t\u00eb jet\u00eb p\u00ebrgjegj\u00ebs ndaj jush ose ndonj\u00eb pale t\u00eb tret\u00eb p\u00ebr ndonj\u00eb d\u00ebm ose humbje q\u00eb vjen nga ndryshime ose nd\u00ebrprerje t\u00eb tilla.<\/li>\n<li>Politika e privat\u00ebsis\u00eb: Mbledhja, p\u00ebrdorimi dhe mbrojtja e informacionit tuaj personal n\u00eb faqen e internetit <span>t\u00eb Beadini Apartmani<\/span> rregullohet nga Politika jon\u00eb e Privat\u00ebsis\u00eb. Ju lutemi lexoni dhe kuptoni Politik\u00ebn e Privat\u00ebsis\u00eb p\u00ebr t\u00eb qen\u00eb t\u00eb vet\u00ebdijsh\u00ebm p\u00ebr trajtimin ton\u00eb t\u00eb informacionit tuaj.<\/li>\n<li>Ndryshimet n\u00eb Kushtet e P\u00ebrdorimit: <span>Beadini Apartments<\/span> rezervon t\u00eb drejt\u00ebn t\u00eb ndryshoj\u00eb k\u00ebto Kushte t\u00eb P\u00ebrdorimit n\u00eb \u00e7do koh\u00eb dhe pa njoftim paraprak. Kushtet e p\u00ebrdit\u00ebsuara t\u00eb p\u00ebrdorimit do t\u00eb publikohen n\u00eb faqen e internetit dhe do t\u00eb hyjn\u00eb n\u00eb fuqi nga momenti i publikimit. Ne ju rekomandojm\u00eb q\u00eb ta kontrolloni k\u00ebt\u00eb faqe rregullisht p\u00ebr p\u00ebrdit\u00ebsime.<\/li>\n<li><span>Ligji dhe juridiksioni i zbatuesh\u00ebm: K\u00ebto kushte p\u00ebrdorimi do t\u00eb rregullohen dhe interpretohen n\u00eb p\u00ebrputhje me ligjet e Bosnj\u00eb dhe Hercegovin\u00ebs. T\u00eb gjitha mosmarr\u00ebveshjet q\u00eb lindin nga p\u00ebrdorimi i faqes s\u00eb internetit i n\u00ebnshtrohen juridiksionit ekskluziv t\u00eb gjykatave t\u00eb Bosnj\u00eb dhe Hercegovin\u00ebs.<\/span><span><\/span><\/li>\n<\/ol>\n<p>N\u00ebse keni ndonj\u00eb pyetje apo shqet\u00ebsim n\u00eb lidhje me kushtet e p\u00ebrdorimit, mund t\u00eb na kontaktoni me telefon n\u00eb <span>0038762321352<\/span> ose me e-mail n\u00eb <span>rezervacija@beadiniapartmani.ba.<\/span><\/p>\n<p>Faleminderit q\u00eb p\u00ebrdorni faqen e internetit <span>t\u00eb apartamenteve Beadini<\/span> .<\/p>\n<\/div>\n<\/div>\n<\/div>\n<\/div>\n<\/div>\n<\/div>\n<p>[\/et_pb_text][\/et_pb_column][\/et_pb_row][\/et_pb_section]<\/p>\n","protected":false},"excerpt":{"rendered":"<p>Kushtet e p\u00ebrdorimit Data e hyrjes n\u00eb fuqi: 01. Mars 2025 Ju lutemi lexoni me kujdes kushtet e m\u00ebposhtme t\u00eb p\u00ebrdorimit t\u00eb faqes s\u00eb internetit Beadini apartmani (n\u00eb tekstin e m\u00ebtejm\u00eb &#8220;faqja e internetit&#8221;). Duke p\u00ebrdorur k\u00ebt\u00eb faqe interneti, ju pranoni se i keni lexuar, kuptuar dhe pranuar k\u00ebto kushte n\u00eb t\u00ebr\u00ebsin\u00eb e tyre. N\u00ebse [&hellip;]<\/p>\n","protected":false},"author":6,"featured_media":0,"parent":0,"menu_order":0,"comment_status":"closed","ping_status":"closed","template":"","meta":{"_et_pb_use_builder":"on","_et_pb_old_content":"","_et_gb_content_width":"","footnotes":""},"class_list":["post-36365","page","type-page","status-publish","hentry"],"_links":{"self":[{"href":"https:\/\/www.beadiniapartmani.ba\/sq\/wp-json\/wp\/v2\/pages\/36365","targetHints":{"allow":["GET"]}}],"collection":[{"href":"https:\/\/www.beadiniapartmani.ba\/sq\/wp-json\/wp\/v2\/pages"}],"about":[{"href":"https:\/\/www.beadiniapartmani.ba\/sq\/wp-json\/wp\/v2\/types\/page"}],"author":[{"embeddable":true,"href":"https:\/\/www.beadiniapartmani.ba\/sq\/wp-json\/wp\/v2\/users\/6"}],"replies":[{"embeddable":true,"href":"https:\/\/www.beadiniapartmani.ba\/sq\/wp-json\/wp\/v2\/comments?post=36365"}],"version-history":[{"count":2,"href":"https:\/\/www.beadiniapartmani.ba\/sq\/wp-json\/wp\/v2\/pages\/36365\/revisions"}],"predecessor-version":[{"id":36367,"href":"https:\/\/www.beadiniapartmani.ba\/sq\/wp-json\/wp\/v2\/pages\/36365\/revisions\/36367"}],"wp:attachment":[{"href":"https:\/\/www.beadiniapartmani.ba\/sq\/wp-json\/wp\/v2\/media?parent=36365"}],"curies":[{"name":"wp","href":"https:\/\/api.w.org\/{rel}","templated":true}]}}